{"id":13544,"date":"2018-05-23T10:22:39","date_gmt":"2018-05-23T10:22:39","guid":{"rendered":"https:\/\/shop.adlice.com\/product\/cde-premium\/"},"modified":"2022-12-24T23:41:21","modified_gmt":"2022-12-24T23:41:21","slug":"cde-premium","status":"publish","type":"product","link":"https:\/\/shop.adlice.com\/fr\/produit\/cde-premium\/","title":{"rendered":"CDE Premium"},"content":{"rendered":"<p><strong>Achetez CDE Premium<\/strong>, organisez vos crash dumps automatiquement.<\/p>\n<p>CrashDumpExtractor (CDE) est un logiciel capable d&rsquo;inspecter les crash dumps depuis un dossier sous surveillance, afficher les informations internes et la stack trace (\u00e0 l&rsquo;aide des symboles) ainsi que de stocker ces informations dans une base locale.<\/p>\n<p><strong><a href=\"http:\/\/www.adlice.com\/fr\/download\/crashdumpextractor\/\" target=\"_blank\" rel=\"noopener noreferrer\">La description du produit peut \u00eatre trouv\u00e9e ici.<\/a><\/strong><\/p>\n","protected":false},"excerpt":{"rendered":"<p>Achetez CDE Premium, organisez vos crash dumps automatiquement. CrashDumpExtractor (CDE) est un logiciel capable d&rsquo;inspecter les crash dumps depuis un dossier sous surveillance, afficher les informations internes et la stack trace (\u00e0 l&rsquo;aide des symboles) ainsi que de stocker ces informations dans une base locale. La description du produit peut \u00eatre trouv\u00e9e ici.<\/p>\n","protected":false},"featured_media":80174,"comment_status":"open","ping_status":"closed","template":"","meta":[],"product_brand":[],"product_cat":[72],"product_tag":[93,92,94],"class_list":{"0":"post-13544","1":"product","2":"type-product","3":"status-publish","4":"has-post-thumbnail","6":"product_cat-utilitaire","7":"product_tag-crash-fr","8":"product_tag-deboggeur","9":"product_tag-dump-fr","11":"first","12":"instock","13":"sale","14":"taxable","15":"shipping-taxable","16":"purchasable","17":"product-type-variable","18":"has-default-attributes"},"bundled_by":[],"bundle_stock_status":"instock","bundle_stock_quantity":null,"bundle_virtual":false,"bundle_layout":"","bundle_add_to_cart_form_location":"","bundle_editable_in_cart":false,"bundle_sold_individually_context":"","bundle_item_grouping":"","bundle_min_size":"","bundle_max_size":"","bundle_price":[],"bundled_items":[],"bundle_sell_ids":[],"yoast_head":"<!-- This site is optimized with the Yoast SEO plugin v26.8 - https:\/\/yoast.com\/product\/yoast-seo-wordpress\/ -->\n<title>CDE Premium - Adlice Software Shop<\/title>\n<meta name=\"description\" content=\"Obtenez votre licence CDE (CrashDumpExtractor) Premium et lib\u00e9rez la puissance de notre analyseur de crash dumps, et commencez \u00e0 corriger des bugs de fa\u00e7on ais\u00e9e. Obtenez votre cl\u00e9 d\u00e8s maintenant !\" \/>\n<meta name=\"robots\" content=\"index, follow, max-snippet:-1, max-image-preview:large, max-video-preview:-1\" \/>\n<link rel=\"canonical\" href=\"https:\/\/shop.adlice.com\/fr\/produit\/cde-premium\/\" \/>\n<meta property=\"og:locale\" content=\"fr_FR\" \/>\n<meta property=\"og:type\" content=\"article\" \/>\n<meta property=\"og:title\" content=\"CDE Premium - Adlice Software Shop\" \/>\n<meta property=\"og:description\" content=\"Obtenez votre licence CDE (CrashDumpExtractor) Premium et lib\u00e9rez la puissance de notre analyseur de crash dumps, et commencez \u00e0 corriger des bugs de fa\u00e7on ais\u00e9e. Obtenez votre cl\u00e9 d\u00e8s maintenant !\" \/>\n<meta property=\"og:url\" content=\"https:\/\/shop.adlice.com\/fr\/produit\/cde-premium\/\" \/>\n<meta property=\"og:site_name\" content=\"Adlice Software\" \/>\n<meta property=\"article:publisher\" content=\"https:\/\/www.facebook.com\/RogueKiller\" \/>\n<meta property=\"article:modified_time\" content=\"2022-12-24T23:41:21+00:00\" \/>\n<meta property=\"og:image\" content=\"https:\/\/shop.adlice.com\/wp-content\/uploads\/2018\/05\/cde_shop.png\" \/>\n\t<meta property=\"og:image:width\" content=\"768\" \/>\n\t<meta property=\"og:image:height\" content=\"768\" \/>\n\t<meta property=\"og:image:type\" content=\"image\/png\" \/>\n<script type=\"application\/ld+json\" class=\"yoast-schema-graph\">{\"@context\":\"https:\/\/schema.org\",\"@graph\":[{\"@type\":\"WebPage\",\"@id\":\"https:\/\/shop.adlice.com\/fr\/produit\/cde-premium\/\",\"url\":\"https:\/\/shop.adlice.com\/fr\/produit\/cde-premium\/\",\"name\":\"CDE Premium - Adlice Software Shop\",\"isPartOf\":{\"@id\":\"https:\/\/shop.adlice.com\/#website\"},\"primaryImageOfPage\":{\"@id\":\"https:\/\/shop.adlice.com\/fr\/produit\/cde-premium\/#primaryimage\"},\"image\":{\"@id\":\"https:\/\/shop.adlice.com\/fr\/produit\/cde-premium\/#primaryimage\"},\"thumbnailUrl\":\"https:\/\/shop.adlice.com\/wp-content\/uploads\/2018\/05\/cde_shop2.png\",\"datePublished\":\"2018-05-23T10:22:39+00:00\",\"dateModified\":\"2022-12-24T23:41:21+00:00\",\"description\":\"Obtenez votre licence CDE (CrashDumpExtractor) Premium et lib\u00e9rez la puissance de notre analyseur de crash dumps, et commencez \u00e0 corriger des bugs de fa\u00e7on ais\u00e9e. Obtenez votre cl\u00e9 d\u00e8s maintenant !\",\"breadcrumb\":{\"@id\":\"https:\/\/shop.adlice.com\/fr\/produit\/cde-premium\/#breadcrumb\"},\"inLanguage\":\"fr-FR\",\"potentialAction\":[{\"@type\":\"ReadAction\",\"target\":[\"https:\/\/shop.adlice.com\/fr\/produit\/cde-premium\/\"]}]},{\"@type\":\"ImageObject\",\"inLanguage\":\"fr-FR\",\"@id\":\"https:\/\/shop.adlice.com\/fr\/produit\/cde-premium\/#primaryimage\",\"url\":\"https:\/\/shop.adlice.com\/wp-content\/uploads\/2018\/05\/cde_shop2.png\",\"contentUrl\":\"https:\/\/shop.adlice.com\/wp-content\/uploads\/2018\/05\/cde_shop2.png\",\"width\":1024,\"height\":1024},{\"@type\":\"BreadcrumbList\",\"@id\":\"https:\/\/shop.adlice.com\/fr\/produit\/cde-premium\/#breadcrumb\",\"itemListElement\":[{\"@type\":\"ListItem\",\"position\":1,\"name\":\"Home\",\"item\":\"https:\/\/shop.adlice.com\/fr\/\"},{\"@type\":\"ListItem\",\"position\":2,\"name\":\"Nos Produits\",\"item\":\"https:\/\/shop.adlice.com\/fr\/\"},{\"@type\":\"ListItem\",\"position\":3,\"name\":\"CDE Premium\"}]},{\"@type\":\"WebSite\",\"@id\":\"https:\/\/shop.adlice.com\/#website\",\"url\":\"https:\/\/shop.adlice.com\/\",\"name\":\"Adlice Software\",\"description\":\"Boutique de Licences\",\"publisher\":{\"@id\":\"https:\/\/shop.adlice.com\/#organization\"},\"potentialAction\":[{\"@type\":\"SearchAction\",\"target\":{\"@type\":\"EntryPoint\",\"urlTemplate\":\"https:\/\/shop.adlice.com\/?s={search_term_string}\"},\"query-input\":{\"@type\":\"PropertyValueSpecification\",\"valueRequired\":true,\"valueName\":\"search_term_string\"}}],\"inLanguage\":\"fr-FR\"},{\"@type\":\"Organization\",\"@id\":\"https:\/\/shop.adlice.com\/#organization\",\"name\":\"Adlice Software\",\"url\":\"https:\/\/shop.adlice.com\/\",\"logo\":{\"@type\":\"ImageObject\",\"inLanguage\":\"fr-FR\",\"@id\":\"https:\/\/shop.adlice.com\/#\/schema\/logo\/image\/\",\"url\":\"https:\/\/shop.adlice.com\/wp-content\/uploads\/2015\/03\/adlice-logo.png\",\"contentUrl\":\"https:\/\/shop.adlice.com\/wp-content\/uploads\/2015\/03\/adlice-logo.png\",\"width\":226,\"height\":91,\"caption\":\"Adlice Software\"},\"image\":{\"@id\":\"https:\/\/shop.adlice.com\/#\/schema\/logo\/image\/\"},\"sameAs\":[\"https:\/\/www.facebook.com\/RogueKiller\",\"https:\/\/x.com\/AdliceSoftware\",\"https:\/\/www.youtube.com\/channel\/UC4CQ-gIZMGWxl-auf0QqYhQ\"]}]}<\/script>\n<!-- \/ Yoast SEO plugin. -->","yoast_head_json":{"title":"CDE Premium - Adlice Software Shop","description":"Obtenez votre licence CDE (CrashDumpExtractor) Premium et lib\u00e9rez la puissance de notre analyseur de crash dumps, et commencez \u00e0 corriger des bugs de fa\u00e7on ais\u00e9e. Obtenez votre cl\u00e9 d\u00e8s maintenant !","robots":{"index":"index","follow":"follow","max-snippet":"max-snippet:-1","max-image-preview":"max-image-preview:large","max-video-preview":"max-video-preview:-1"},"canonical":"https:\/\/shop.adlice.com\/fr\/produit\/cde-premium\/","og_locale":"fr_FR","og_type":"article","og_title":"CDE Premium - Adlice Software Shop","og_description":"Obtenez votre licence CDE (CrashDumpExtractor) Premium et lib\u00e9rez la puissance de notre analyseur de crash dumps, et commencez \u00e0 corriger des bugs de fa\u00e7on ais\u00e9e. Obtenez votre cl\u00e9 d\u00e8s maintenant !","og_url":"https:\/\/shop.adlice.com\/fr\/produit\/cde-premium\/","og_site_name":"Adlice Software","article_publisher":"https:\/\/www.facebook.com\/RogueKiller","article_modified_time":"2022-12-24T23:41:21+00:00","og_image":[{"width":768,"height":768,"url":"https:\/\/shop.adlice.com\/wp-content\/uploads\/2018\/05\/cde_shop.png","type":"image\/png"}],"schema":{"@context":"https:\/\/schema.org","@graph":[{"@type":"WebPage","@id":"https:\/\/shop.adlice.com\/fr\/produit\/cde-premium\/","url":"https:\/\/shop.adlice.com\/fr\/produit\/cde-premium\/","name":"CDE Premium - Adlice Software Shop","isPartOf":{"@id":"https:\/\/shop.adlice.com\/#website"},"primaryImageOfPage":{"@id":"https:\/\/shop.adlice.com\/fr\/produit\/cde-premium\/#primaryimage"},"image":{"@id":"https:\/\/shop.adlice.com\/fr\/produit\/cde-premium\/#primaryimage"},"thumbnailUrl":"https:\/\/shop.adlice.com\/wp-content\/uploads\/2018\/05\/cde_shop2.png","datePublished":"2018-05-23T10:22:39+00:00","dateModified":"2022-12-24T23:41:21+00:00","description":"Obtenez votre licence CDE (CrashDumpExtractor) Premium et lib\u00e9rez la puissance de notre analyseur de crash dumps, et commencez \u00e0 corriger des bugs de fa\u00e7on ais\u00e9e. Obtenez votre cl\u00e9 d\u00e8s maintenant !","breadcrumb":{"@id":"https:\/\/shop.adlice.com\/fr\/produit\/cde-premium\/#breadcrumb"},"inLanguage":"fr-FR","potentialAction":[{"@type":"ReadAction","target":["https:\/\/shop.adlice.com\/fr\/produit\/cde-premium\/"]}]},{"@type":"ImageObject","inLanguage":"fr-FR","@id":"https:\/\/shop.adlice.com\/fr\/produit\/cde-premium\/#primaryimage","url":"https:\/\/shop.adlice.com\/wp-content\/uploads\/2018\/05\/cde_shop2.png","contentUrl":"https:\/\/shop.adlice.com\/wp-content\/uploads\/2018\/05\/cde_shop2.png","width":1024,"height":1024},{"@type":"BreadcrumbList","@id":"https:\/\/shop.adlice.com\/fr\/produit\/cde-premium\/#breadcrumb","itemListElement":[{"@type":"ListItem","position":1,"name":"Home","item":"https:\/\/shop.adlice.com\/fr\/"},{"@type":"ListItem","position":2,"name":"Nos Produits","item":"https:\/\/shop.adlice.com\/fr\/"},{"@type":"ListItem","position":3,"name":"CDE Premium"}]},{"@type":"WebSite","@id":"https:\/\/shop.adlice.com\/#website","url":"https:\/\/shop.adlice.com\/","name":"Adlice Software","description":"Boutique de Licences","publisher":{"@id":"https:\/\/shop.adlice.com\/#organization"},"potentialAction":[{"@type":"SearchAction","target":{"@type":"EntryPoint","urlTemplate":"https:\/\/shop.adlice.com\/?s={search_term_string}"},"query-input":{"@type":"PropertyValueSpecification","valueRequired":true,"valueName":"search_term_string"}}],"inLanguage":"fr-FR"},{"@type":"Organization","@id":"https:\/\/shop.adlice.com\/#organization","name":"Adlice Software","url":"https:\/\/shop.adlice.com\/","logo":{"@type":"ImageObject","inLanguage":"fr-FR","@id":"https:\/\/shop.adlice.com\/#\/schema\/logo\/image\/","url":"https:\/\/shop.adlice.com\/wp-content\/uploads\/2015\/03\/adlice-logo.png","contentUrl":"https:\/\/shop.adlice.com\/wp-content\/uploads\/2015\/03\/adlice-logo.png","width":226,"height":91,"caption":"Adlice Software"},"image":{"@id":"https:\/\/shop.adlice.com\/#\/schema\/logo\/image\/"},"sameAs":["https:\/\/www.facebook.com\/RogueKiller","https:\/\/x.com\/AdliceSoftware","https:\/\/www.youtube.com\/channel\/UC4CQ-gIZMGWxl-auf0QqYhQ"]}]}},"jetpack_sharing_enabled":true,"_links":{"self":[{"href":"https:\/\/shop.adlice.com\/fr\/wp-json\/wp\/v2\/product\/13544","targetHints":{"allow":["GET"]}}],"collection":[{"href":"https:\/\/shop.adlice.com\/fr\/wp-json\/wp\/v2\/product"}],"about":[{"href":"https:\/\/shop.adlice.com\/fr\/wp-json\/wp\/v2\/types\/product"}],"replies":[{"embeddable":true,"href":"https:\/\/shop.adlice.com\/fr\/wp-json\/wp\/v2\/comments?post=13544"}],"wp:featuredmedia":[{"embeddable":true,"href":"https:\/\/shop.adlice.com\/fr\/wp-json\/wp\/v2\/media\/80174"}],"wp:attachment":[{"href":"https:\/\/shop.adlice.com\/fr\/wp-json\/wp\/v2\/media?parent=13544"}],"wp:term":[{"taxonomy":"product_brand","embeddable":true,"href":"https:\/\/shop.adlice.com\/fr\/wp-json\/wp\/v2\/product_brand?post=13544"},{"taxonomy":"product_cat","embeddable":true,"href":"https:\/\/shop.adlice.com\/fr\/wp-json\/wp\/v2\/product_cat?post=13544"},{"taxonomy":"product_tag","embeddable":true,"href":"https:\/\/shop.adlice.com\/fr\/wp-json\/wp\/v2\/product_tag?post=13544"}],"curies":[{"name":"wp","href":"https:\/\/api.w.org\/{rel}","templated":true}]}}