{"id":15218,"date":"2018-10-12T07:37:33","date_gmt":"2018-10-12T07:37:33","guid":{"rendered":"https:\/\/shop.adlice.com\/?post_type=product&#038;p=15218"},"modified":"2023-02-07T07:08:28","modified_gmt":"2023-02-07T07:08:28","slug":"diag-premium-technicien","status":"publish","type":"product","link":"https:\/\/shop.adlice.com\/fr\/produit\/diag-premium-technicien\/","title":{"rendered":"Adlice Diag Premium (Technicien)"},"content":{"rendered":"<p><strong>Achetez Adlice Diag Premium (Version Technicien), <\/strong>diagnostiquez votre machine et nettoyez la des malware et virus.<\/p>\n<p><strong>Adlice Diag est un outil de diagnostic dot\u00e9 d&rsquo;un anti-malware int\u00e9gr\u00e9, capable de d\u00e9tecter et de supprimer les logiciels malveillants g\u00e9n\u00e9riques<\/strong> , ainsi que les menaces avanc\u00e9es telles que les rootkits, les rogues et les vers. Il r\u00e9pertorie et affiche tout ce qui se trouve sur votre ordinateur, et vous aide \u00e0 r\u00e9parer ou \u00e0 nettoyer votre machine.<\/p>\n<p><strong><a href=\"https:\/\/www.adlice.com\/fr\/download\/diag\/\" target=\"_blank\" rel=\"noopener noreferrer\">La description du produit peut \u00eatre trouv\u00e9e ici.<\/a><\/strong><\/p>\n<h4>Combien de machines pour ma licence ?<\/h4>\n<p>Une licence ne compte que les\u00a0<strong>Postes Technicien<\/strong>, et est valide pour un nombre illimit\u00e9 de machines \u00e0 d\u00e9sinfecter.<\/p>\n<ul>\n<li>Entreprise (1000 machines, 5 techniciens) :\u00a0<strong>1 licence \/ 5 machines<\/strong><\/li>\n<li>Atelier de r\u00e9paration (5 techniciens):\u00a0<strong>1 licence \/ 5 machines<\/strong><\/li>\n<\/ul>\n","protected":false},"excerpt":{"rendered":"<p>Achetez Adlice Diag Premium (Version Technicien), diagnostiquez votre machine et nettoyez la des malware et virus. Adlice Diag est un outil de diagnostic dot\u00e9 d&rsquo;un anti-malware int\u00e9gr\u00e9, capable de d\u00e9tecter et de supprimer les logiciels malveillants g\u00e9n\u00e9riques , ainsi que les menaces avanc\u00e9es telles que les rootkits, les rogues et les vers. Il r\u00e9pertorie et [&hellip;]<\/p>\n","protected":false},"featured_media":80170,"comment_status":"open","ping_status":"closed","template":"","meta":[],"product_brand":[],"product_cat":[42],"product_tag":[105,46,51,48],"class_list":{"0":"post-15218","1":"product","2":"type-product","3":"status-publish","4":"has-post-thumbnail","6":"product_cat-anti-malware-fr","7":"product_tag-diagnostique","8":"product_tag-malware-fr","9":"product_tag-suppression","10":"product_tag-virus-fr","12":"first","13":"instock","14":"sale","15":"taxable","16":"shipping-taxable","17":"purchasable","18":"product-type-variable","19":"has-default-attributes"},"bundled_by":[],"bundle_stock_status":"instock","bundle_stock_quantity":null,"bundle_virtual":false,"bundle_layout":"","bundle_add_to_cart_form_location":"","bundle_editable_in_cart":false,"bundle_sold_individually_context":"","bundle_item_grouping":"","bundle_min_size":"","bundle_max_size":"","bundle_price":[],"bundled_items":[],"bundle_sell_ids":[],"yoast_head":"<!-- This site is optimized with the Yoast SEO plugin v26.8 - https:\/\/yoast.com\/product\/yoast-seo-wordpress\/ -->\n<title>Adlice Diag Premium (Technicien) - Adlice Software Shop<\/title>\n<meta name=\"description\" content=\"Obtenez votre licence Adlice Diag Premium (Technicien) et lib\u00e9rez la puissance de notre diagnostique Anti-malware. Obtenez votre cl\u00e9 d\u00e8s maintenant !\" \/>\n<meta name=\"robots\" content=\"index, follow, max-snippet:-1, max-image-preview:large, max-video-preview:-1\" \/>\n<link rel=\"canonical\" href=\"https:\/\/shop.adlice.com\/fr\/produit\/diag-premium-technicien\/\" \/>\n<meta property=\"og:locale\" content=\"fr_FR\" \/>\n<meta property=\"og:type\" content=\"article\" \/>\n<meta property=\"og:title\" content=\"Adlice Diag Premium (Technicien) - Adlice Software Shop\" \/>\n<meta property=\"og:description\" content=\"Obtenez votre licence Adlice Diag Premium (Technicien) et lib\u00e9rez la puissance de notre diagnostique Anti-malware. Obtenez votre cl\u00e9 d\u00e8s maintenant !\" \/>\n<meta property=\"og:url\" content=\"https:\/\/shop.adlice.com\/fr\/produit\/diag-premium-technicien\/\" \/>\n<meta property=\"og:site_name\" content=\"Adlice Software\" \/>\n<meta property=\"article:publisher\" content=\"https:\/\/www.facebook.com\/RogueKiller\" \/>\n<meta property=\"article:modified_time\" content=\"2023-02-07T07:08:28+00:00\" \/>\n<meta property=\"og:image\" content=\"https:\/\/shop.adlice.com\/wp-content\/uploads\/2018\/10\/diag_tech_shop.png\" \/>\n\t<meta property=\"og:image:width\" content=\"768\" \/>\n\t<meta property=\"og:image:height\" content=\"768\" \/>\n\t<meta property=\"og:image:type\" content=\"image\/png\" \/>\n<meta name=\"twitter:label1\" content=\"Dur\u00e9e de lecture estim\u00e9e\" \/>\n\t<meta name=\"twitter:data1\" content=\"1 minute\" \/>\n<script type=\"application\/ld+json\" class=\"yoast-schema-graph\">{\"@context\":\"https:\/\/schema.org\",\"@graph\":[{\"@type\":\"WebPage\",\"@id\":\"https:\/\/shop.adlice.com\/fr\/produit\/diag-premium-technicien\/\",\"url\":\"https:\/\/shop.adlice.com\/fr\/produit\/diag-premium-technicien\/\",\"name\":\"Adlice Diag Premium (Technicien) - Adlice Software Shop\",\"isPartOf\":{\"@id\":\"https:\/\/shop.adlice.com\/#website\"},\"primaryImageOfPage\":{\"@id\":\"https:\/\/shop.adlice.com\/fr\/produit\/diag-premium-technicien\/#primaryimage\"},\"image\":{\"@id\":\"https:\/\/shop.adlice.com\/fr\/produit\/diag-premium-technicien\/#primaryimage\"},\"thumbnailUrl\":\"https:\/\/shop.adlice.com\/wp-content\/uploads\/2018\/10\/diag_tech_shop2.png\",\"datePublished\":\"2018-10-12T07:37:33+00:00\",\"dateModified\":\"2023-02-07T07:08:28+00:00\",\"description\":\"Obtenez votre licence Adlice Diag Premium (Technicien) et lib\u00e9rez la puissance de notre diagnostique Anti-malware. Obtenez votre cl\u00e9 d\u00e8s maintenant !\",\"breadcrumb\":{\"@id\":\"https:\/\/shop.adlice.com\/fr\/produit\/diag-premium-technicien\/#breadcrumb\"},\"inLanguage\":\"fr-FR\",\"potentialAction\":[{\"@type\":\"ReadAction\",\"target\":[\"https:\/\/shop.adlice.com\/fr\/produit\/diag-premium-technicien\/\"]}]},{\"@type\":\"ImageObject\",\"inLanguage\":\"fr-FR\",\"@id\":\"https:\/\/shop.adlice.com\/fr\/produit\/diag-premium-technicien\/#primaryimage\",\"url\":\"https:\/\/shop.adlice.com\/wp-content\/uploads\/2018\/10\/diag_tech_shop2.png\",\"contentUrl\":\"https:\/\/shop.adlice.com\/wp-content\/uploads\/2018\/10\/diag_tech_shop2.png\",\"width\":1024,\"height\":1024},{\"@type\":\"BreadcrumbList\",\"@id\":\"https:\/\/shop.adlice.com\/fr\/produit\/diag-premium-technicien\/#breadcrumb\",\"itemListElement\":[{\"@type\":\"ListItem\",\"position\":1,\"name\":\"Home\",\"item\":\"https:\/\/shop.adlice.com\/fr\/\"},{\"@type\":\"ListItem\",\"position\":2,\"name\":\"Nos Produits\",\"item\":\"https:\/\/shop.adlice.com\/fr\/\"},{\"@type\":\"ListItem\",\"position\":3,\"name\":\"Adlice Diag Premium (Technicien)\"}]},{\"@type\":\"WebSite\",\"@id\":\"https:\/\/shop.adlice.com\/#website\",\"url\":\"https:\/\/shop.adlice.com\/\",\"name\":\"Adlice Software\",\"description\":\"Boutique de Licences\",\"publisher\":{\"@id\":\"https:\/\/shop.adlice.com\/#organization\"},\"potentialAction\":[{\"@type\":\"SearchAction\",\"target\":{\"@type\":\"EntryPoint\",\"urlTemplate\":\"https:\/\/shop.adlice.com\/?s={search_term_string}\"},\"query-input\":{\"@type\":\"PropertyValueSpecification\",\"valueRequired\":true,\"valueName\":\"search_term_string\"}}],\"inLanguage\":\"fr-FR\"},{\"@type\":\"Organization\",\"@id\":\"https:\/\/shop.adlice.com\/#organization\",\"name\":\"Adlice Software\",\"url\":\"https:\/\/shop.adlice.com\/\",\"logo\":{\"@type\":\"ImageObject\",\"inLanguage\":\"fr-FR\",\"@id\":\"https:\/\/shop.adlice.com\/#\/schema\/logo\/image\/\",\"url\":\"https:\/\/shop.adlice.com\/wp-content\/uploads\/2015\/03\/adlice-logo.png\",\"contentUrl\":\"https:\/\/shop.adlice.com\/wp-content\/uploads\/2015\/03\/adlice-logo.png\",\"width\":226,\"height\":91,\"caption\":\"Adlice Software\"},\"image\":{\"@id\":\"https:\/\/shop.adlice.com\/#\/schema\/logo\/image\/\"},\"sameAs\":[\"https:\/\/www.facebook.com\/RogueKiller\",\"https:\/\/x.com\/AdliceSoftware\",\"https:\/\/www.youtube.com\/channel\/UC4CQ-gIZMGWxl-auf0QqYhQ\"]}]}<\/script>\n<!-- \/ Yoast SEO plugin. -->","yoast_head_json":{"title":"Adlice Diag Premium (Technicien) - Adlice Software Shop","description":"Obtenez votre licence Adlice Diag Premium (Technicien) et lib\u00e9rez la puissance de notre diagnostique Anti-malware. Obtenez votre cl\u00e9 d\u00e8s maintenant !","robots":{"index":"index","follow":"follow","max-snippet":"max-snippet:-1","max-image-preview":"max-image-preview:large","max-video-preview":"max-video-preview:-1"},"canonical":"https:\/\/shop.adlice.com\/fr\/produit\/diag-premium-technicien\/","og_locale":"fr_FR","og_type":"article","og_title":"Adlice Diag Premium (Technicien) - Adlice Software Shop","og_description":"Obtenez votre licence Adlice Diag Premium (Technicien) et lib\u00e9rez la puissance de notre diagnostique Anti-malware. Obtenez votre cl\u00e9 d\u00e8s maintenant !","og_url":"https:\/\/shop.adlice.com\/fr\/produit\/diag-premium-technicien\/","og_site_name":"Adlice Software","article_publisher":"https:\/\/www.facebook.com\/RogueKiller","article_modified_time":"2023-02-07T07:08:28+00:00","og_image":[{"width":768,"height":768,"url":"https:\/\/shop.adlice.com\/wp-content\/uploads\/2018\/10\/diag_tech_shop.png","type":"image\/png"}],"twitter_misc":{"Dur\u00e9e de lecture estim\u00e9e":"1 minute"},"schema":{"@context":"https:\/\/schema.org","@graph":[{"@type":"WebPage","@id":"https:\/\/shop.adlice.com\/fr\/produit\/diag-premium-technicien\/","url":"https:\/\/shop.adlice.com\/fr\/produit\/diag-premium-technicien\/","name":"Adlice Diag Premium (Technicien) - Adlice Software Shop","isPartOf":{"@id":"https:\/\/shop.adlice.com\/#website"},"primaryImageOfPage":{"@id":"https:\/\/shop.adlice.com\/fr\/produit\/diag-premium-technicien\/#primaryimage"},"image":{"@id":"https:\/\/shop.adlice.com\/fr\/produit\/diag-premium-technicien\/#primaryimage"},"thumbnailUrl":"https:\/\/shop.adlice.com\/wp-content\/uploads\/2018\/10\/diag_tech_shop2.png","datePublished":"2018-10-12T07:37:33+00:00","dateModified":"2023-02-07T07:08:28+00:00","description":"Obtenez votre licence Adlice Diag Premium (Technicien) et lib\u00e9rez la puissance de notre diagnostique Anti-malware. Obtenez votre cl\u00e9 d\u00e8s maintenant !","breadcrumb":{"@id":"https:\/\/shop.adlice.com\/fr\/produit\/diag-premium-technicien\/#breadcrumb"},"inLanguage":"fr-FR","potentialAction":[{"@type":"ReadAction","target":["https:\/\/shop.adlice.com\/fr\/produit\/diag-premium-technicien\/"]}]},{"@type":"ImageObject","inLanguage":"fr-FR","@id":"https:\/\/shop.adlice.com\/fr\/produit\/diag-premium-technicien\/#primaryimage","url":"https:\/\/shop.adlice.com\/wp-content\/uploads\/2018\/10\/diag_tech_shop2.png","contentUrl":"https:\/\/shop.adlice.com\/wp-content\/uploads\/2018\/10\/diag_tech_shop2.png","width":1024,"height":1024},{"@type":"BreadcrumbList","@id":"https:\/\/shop.adlice.com\/fr\/produit\/diag-premium-technicien\/#breadcrumb","itemListElement":[{"@type":"ListItem","position":1,"name":"Home","item":"https:\/\/shop.adlice.com\/fr\/"},{"@type":"ListItem","position":2,"name":"Nos Produits","item":"https:\/\/shop.adlice.com\/fr\/"},{"@type":"ListItem","position":3,"name":"Adlice Diag Premium (Technicien)"}]},{"@type":"WebSite","@id":"https:\/\/shop.adlice.com\/#website","url":"https:\/\/shop.adlice.com\/","name":"Adlice Software","description":"Boutique de Licences","publisher":{"@id":"https:\/\/shop.adlice.com\/#organization"},"potentialAction":[{"@type":"SearchAction","target":{"@type":"EntryPoint","urlTemplate":"https:\/\/shop.adlice.com\/?s={search_term_string}"},"query-input":{"@type":"PropertyValueSpecification","valueRequired":true,"valueName":"search_term_string"}}],"inLanguage":"fr-FR"},{"@type":"Organization","@id":"https:\/\/shop.adlice.com\/#organization","name":"Adlice Software","url":"https:\/\/shop.adlice.com\/","logo":{"@type":"ImageObject","inLanguage":"fr-FR","@id":"https:\/\/shop.adlice.com\/#\/schema\/logo\/image\/","url":"https:\/\/shop.adlice.com\/wp-content\/uploads\/2015\/03\/adlice-logo.png","contentUrl":"https:\/\/shop.adlice.com\/wp-content\/uploads\/2015\/03\/adlice-logo.png","width":226,"height":91,"caption":"Adlice Software"},"image":{"@id":"https:\/\/shop.adlice.com\/#\/schema\/logo\/image\/"},"sameAs":["https:\/\/www.facebook.com\/RogueKiller","https:\/\/x.com\/AdliceSoftware","https:\/\/www.youtube.com\/channel\/UC4CQ-gIZMGWxl-auf0QqYhQ"]}]}},"jetpack_sharing_enabled":true,"_links":{"self":[{"href":"https:\/\/shop.adlice.com\/fr\/wp-json\/wp\/v2\/product\/15218","targetHints":{"allow":["GET"]}}],"collection":[{"href":"https:\/\/shop.adlice.com\/fr\/wp-json\/wp\/v2\/product"}],"about":[{"href":"https:\/\/shop.adlice.com\/fr\/wp-json\/wp\/v2\/types\/product"}],"replies":[{"embeddable":true,"href":"https:\/\/shop.adlice.com\/fr\/wp-json\/wp\/v2\/comments?post=15218"}],"wp:featuredmedia":[{"embeddable":true,"href":"https:\/\/shop.adlice.com\/fr\/wp-json\/wp\/v2\/media\/80170"}],"wp:attachment":[{"href":"https:\/\/shop.adlice.com\/fr\/wp-json\/wp\/v2\/media?parent=15218"}],"wp:term":[{"taxonomy":"product_brand","embeddable":true,"href":"https:\/\/shop.adlice.com\/fr\/wp-json\/wp\/v2\/product_brand?post=15218"},{"taxonomy":"product_cat","embeddable":true,"href":"https:\/\/shop.adlice.com\/fr\/wp-json\/wp\/v2\/product_cat?post=15218"},{"taxonomy":"product_tag","embeddable":true,"href":"https:\/\/shop.adlice.com\/fr\/wp-json\/wp\/v2\/product_tag?post=15218"}],"curies":[{"name":"wp","href":"https:\/\/api.w.org\/{rel}","templated":true}]}}