{"id":2954,"date":"2016-01-04T13:48:28","date_gmt":"2016-01-04T13:48:28","guid":{"rendered":"https:\/\/shop.adlice.com\/product\/roguekillerpe-premium-2\/"},"modified":"2023-01-26T15:07:12","modified_gmt":"2023-01-26T15:07:12","slug":"roguekillerpe-premium","status":"publish","type":"product","link":"https:\/\/shop.adlice.com\/fr\/produit\/roguekillerpe-premium\/","title":{"rendered":"Adlice PEViewer Premium"},"content":{"rendered":"<p><b>Achetez Adlice PEViwer Premium, <\/b>parsez et analysez vos fichiers PE (malware et goodware).<\/p>\n<p>PEViewer est un logiciel pour chercheurs antimalware, aidant \u00e0 <strong>analyser et classifier les fichier et processus PE<\/strong> \u00e0 l&rsquo;aide de diff\u00e9rents modules. Gr\u00e2ce \u00e0 son <strong>intelligence artificielle int\u00e9gr\u00e9e<\/strong>, et aux diff\u00e9rents scanners tierce parties, il permet de d\u00e9crire un fichier avec un score de criticit\u00e9.<\/p>\n<p><strong><a href=\"http:\/\/www.adlice.com\/fr\/download\/roguekillerpe\" target=\"_blank\" rel=\"noopener noreferrer\">La description du produit peut \u00eatre trouv\u00e9e ici.<\/a><\/strong><\/p>\n","protected":false},"excerpt":{"rendered":"<p>Achetez Adlice PEViwer Premium, parsez et analysez vos fichiers PE (malware et goodware). PEViewer est un logiciel pour chercheurs antimalware, aidant \u00e0 analyser et classifier les fichier et processus PE \u00e0 l&rsquo;aide de diff\u00e9rents modules. Gr\u00e2ce \u00e0 son intelligence artificielle int\u00e9gr\u00e9e, et aux diff\u00e9rents scanners tierce parties, il permet de d\u00e9crire un fichier avec un [&hellip;]<\/p>\n","protected":false},"featured_media":65786,"comment_status":"open","ping_status":"closed","template":"","meta":[],"product_brand":[],"product_cat":[41],"product_tag":[49,50,47],"class_list":{"0":"post-2954","1":"product","2":"type-product","3":"status-publish","4":"has-post-thumbnail","6":"product_cat-analyse","7":"product_tag-analyse","8":"product_tag-investigation","9":"product_tag-pe-fr","11":"first","12":"instock","13":"sale","14":"taxable","15":"shipping-taxable","16":"purchasable","17":"product-type-variable","18":"has-default-attributes"},"bundled_by":[],"bundle_stock_status":"instock","bundle_stock_quantity":null,"bundle_virtual":false,"bundle_layout":"","bundle_add_to_cart_form_location":"","bundle_editable_in_cart":false,"bundle_sold_individually_context":"","bundle_item_grouping":"","bundle_min_size":"","bundle_max_size":"","bundle_price":[],"bundled_items":[],"bundle_sell_ids":[],"yoast_head":"<!-- This site is optimized with the Yoast SEO plugin v26.8 - https:\/\/yoast.com\/product\/yoast-seo-wordpress\/ -->\n<title>Adlice PEViewer Premium - Adlice Software Shop<\/title>\n<meta name=\"description\" content=\"Obtenez votre licence Adlice PEViewer Premium et lib\u00e9rez la puissance de notre parser et analyseur de PE, le meilleur ami de l&#039;analyste malware. Obtenez votre cl\u00e9 d\u00e8s maintenant !\" \/>\n<meta name=\"robots\" content=\"index, follow, max-snippet:-1, max-image-preview:large, max-video-preview:-1\" \/>\n<link rel=\"canonical\" href=\"https:\/\/shop.adlice.com\/fr\/produit\/roguekillerpe-premium\/\" \/>\n<meta property=\"og:locale\" content=\"fr_FR\" \/>\n<meta property=\"og:type\" content=\"article\" \/>\n<meta property=\"og:title\" content=\"Adlice PEViewer Premium - Adlice Software Shop\" \/>\n<meta property=\"og:description\" content=\"Obtenez votre licence Adlice PEViewer Premium et lib\u00e9rez la puissance de notre parser et analyseur de PE, le meilleur ami de l&#039;analyste malware. Obtenez votre cl\u00e9 d\u00e8s maintenant !\" \/>\n<meta property=\"og:url\" content=\"https:\/\/shop.adlice.com\/fr\/produit\/roguekillerpe-premium\/\" \/>\n<meta property=\"og:site_name\" content=\"Adlice Software\" \/>\n<meta property=\"article:publisher\" content=\"https:\/\/www.facebook.com\/RogueKiller\" \/>\n<meta property=\"article:modified_time\" content=\"2023-01-26T15:07:12+00:00\" \/>\n<meta property=\"og:image\" content=\"https:\/\/shop.adlice.com\/wp-content\/uploads\/2016\/01\/apev_shop.png\" \/>\n\t<meta property=\"og:image:width\" content=\"768\" \/>\n\t<meta property=\"og:image:height\" content=\"768\" \/>\n\t<meta property=\"og:image:type\" content=\"image\/png\" \/>\n<script type=\"application\/ld+json\" class=\"yoast-schema-graph\">{\"@context\":\"https:\/\/schema.org\",\"@graph\":[{\"@type\":\"WebPage\",\"@id\":\"https:\/\/shop.adlice.com\/fr\/produit\/roguekillerpe-premium\/\",\"url\":\"https:\/\/shop.adlice.com\/fr\/produit\/roguekillerpe-premium\/\",\"name\":\"Adlice PEViewer Premium - Adlice Software Shop\",\"isPartOf\":{\"@id\":\"https:\/\/shop.adlice.com\/#website\"},\"primaryImageOfPage\":{\"@id\":\"https:\/\/shop.adlice.com\/fr\/produit\/roguekillerpe-premium\/#primaryimage\"},\"image\":{\"@id\":\"https:\/\/shop.adlice.com\/fr\/produit\/roguekillerpe-premium\/#primaryimage\"},\"thumbnailUrl\":\"https:\/\/shop.adlice.com\/wp-content\/uploads\/2016\/01\/apev_shop.png\",\"datePublished\":\"2016-01-04T13:48:28+00:00\",\"dateModified\":\"2023-01-26T15:07:12+00:00\",\"description\":\"Obtenez votre licence Adlice PEViewer Premium et lib\u00e9rez la puissance de notre parser et analyseur de PE, le meilleur ami de l'analyste malware. Obtenez votre cl\u00e9 d\u00e8s maintenant !\",\"breadcrumb\":{\"@id\":\"https:\/\/shop.adlice.com\/fr\/produit\/roguekillerpe-premium\/#breadcrumb\"},\"inLanguage\":\"fr-FR\",\"potentialAction\":[{\"@type\":\"ReadAction\",\"target\":[\"https:\/\/shop.adlice.com\/fr\/produit\/roguekillerpe-premium\/\"]}]},{\"@type\":\"ImageObject\",\"inLanguage\":\"fr-FR\",\"@id\":\"https:\/\/shop.adlice.com\/fr\/produit\/roguekillerpe-premium\/#primaryimage\",\"url\":\"https:\/\/shop.adlice.com\/wp-content\/uploads\/2016\/01\/apev_shop.png\",\"contentUrl\":\"https:\/\/shop.adlice.com\/wp-content\/uploads\/2016\/01\/apev_shop.png\",\"width\":768,\"height\":768},{\"@type\":\"BreadcrumbList\",\"@id\":\"https:\/\/shop.adlice.com\/fr\/produit\/roguekillerpe-premium\/#breadcrumb\",\"itemListElement\":[{\"@type\":\"ListItem\",\"position\":1,\"name\":\"Home\",\"item\":\"https:\/\/shop.adlice.com\/fr\/\"},{\"@type\":\"ListItem\",\"position\":2,\"name\":\"Nos Produits\",\"item\":\"https:\/\/shop.adlice.com\/fr\/\"},{\"@type\":\"ListItem\",\"position\":3,\"name\":\"Adlice PEViewer Premium\"}]},{\"@type\":\"WebSite\",\"@id\":\"https:\/\/shop.adlice.com\/#website\",\"url\":\"https:\/\/shop.adlice.com\/\",\"name\":\"Adlice Software\",\"description\":\"Boutique de Licences\",\"publisher\":{\"@id\":\"https:\/\/shop.adlice.com\/#organization\"},\"potentialAction\":[{\"@type\":\"SearchAction\",\"target\":{\"@type\":\"EntryPoint\",\"urlTemplate\":\"https:\/\/shop.adlice.com\/?s={search_term_string}\"},\"query-input\":{\"@type\":\"PropertyValueSpecification\",\"valueRequired\":true,\"valueName\":\"search_term_string\"}}],\"inLanguage\":\"fr-FR\"},{\"@type\":\"Organization\",\"@id\":\"https:\/\/shop.adlice.com\/#organization\",\"name\":\"Adlice Software\",\"url\":\"https:\/\/shop.adlice.com\/\",\"logo\":{\"@type\":\"ImageObject\",\"inLanguage\":\"fr-FR\",\"@id\":\"https:\/\/shop.adlice.com\/#\/schema\/logo\/image\/\",\"url\":\"https:\/\/shop.adlice.com\/wp-content\/uploads\/2015\/03\/adlice-logo.png\",\"contentUrl\":\"https:\/\/shop.adlice.com\/wp-content\/uploads\/2015\/03\/adlice-logo.png\",\"width\":226,\"height\":91,\"caption\":\"Adlice Software\"},\"image\":{\"@id\":\"https:\/\/shop.adlice.com\/#\/schema\/logo\/image\/\"},\"sameAs\":[\"https:\/\/www.facebook.com\/RogueKiller\",\"https:\/\/x.com\/AdliceSoftware\",\"https:\/\/www.youtube.com\/channel\/UC4CQ-gIZMGWxl-auf0QqYhQ\"]}]}<\/script>\n<!-- \/ Yoast SEO plugin. -->","yoast_head_json":{"title":"Adlice PEViewer Premium - Adlice Software Shop","description":"Obtenez votre licence Adlice PEViewer Premium et lib\u00e9rez la puissance de notre parser et analyseur de PE, le meilleur ami de l'analyste malware. Obtenez votre cl\u00e9 d\u00e8s maintenant !","robots":{"index":"index","follow":"follow","max-snippet":"max-snippet:-1","max-image-preview":"max-image-preview:large","max-video-preview":"max-video-preview:-1"},"canonical":"https:\/\/shop.adlice.com\/fr\/produit\/roguekillerpe-premium\/","og_locale":"fr_FR","og_type":"article","og_title":"Adlice PEViewer Premium - Adlice Software Shop","og_description":"Obtenez votre licence Adlice PEViewer Premium et lib\u00e9rez la puissance de notre parser et analyseur de PE, le meilleur ami de l'analyste malware. Obtenez votre cl\u00e9 d\u00e8s maintenant !","og_url":"https:\/\/shop.adlice.com\/fr\/produit\/roguekillerpe-premium\/","og_site_name":"Adlice Software","article_publisher":"https:\/\/www.facebook.com\/RogueKiller","article_modified_time":"2023-01-26T15:07:12+00:00","og_image":[{"width":768,"height":768,"url":"https:\/\/shop.adlice.com\/wp-content\/uploads\/2016\/01\/apev_shop.png","type":"image\/png"}],"schema":{"@context":"https:\/\/schema.org","@graph":[{"@type":"WebPage","@id":"https:\/\/shop.adlice.com\/fr\/produit\/roguekillerpe-premium\/","url":"https:\/\/shop.adlice.com\/fr\/produit\/roguekillerpe-premium\/","name":"Adlice PEViewer Premium - Adlice Software Shop","isPartOf":{"@id":"https:\/\/shop.adlice.com\/#website"},"primaryImageOfPage":{"@id":"https:\/\/shop.adlice.com\/fr\/produit\/roguekillerpe-premium\/#primaryimage"},"image":{"@id":"https:\/\/shop.adlice.com\/fr\/produit\/roguekillerpe-premium\/#primaryimage"},"thumbnailUrl":"https:\/\/shop.adlice.com\/wp-content\/uploads\/2016\/01\/apev_shop.png","datePublished":"2016-01-04T13:48:28+00:00","dateModified":"2023-01-26T15:07:12+00:00","description":"Obtenez votre licence Adlice PEViewer Premium et lib\u00e9rez la puissance de notre parser et analyseur de PE, le meilleur ami de l'analyste malware. Obtenez votre cl\u00e9 d\u00e8s maintenant !","breadcrumb":{"@id":"https:\/\/shop.adlice.com\/fr\/produit\/roguekillerpe-premium\/#breadcrumb"},"inLanguage":"fr-FR","potentialAction":[{"@type":"ReadAction","target":["https:\/\/shop.adlice.com\/fr\/produit\/roguekillerpe-premium\/"]}]},{"@type":"ImageObject","inLanguage":"fr-FR","@id":"https:\/\/shop.adlice.com\/fr\/produit\/roguekillerpe-premium\/#primaryimage","url":"https:\/\/shop.adlice.com\/wp-content\/uploads\/2016\/01\/apev_shop.png","contentUrl":"https:\/\/shop.adlice.com\/wp-content\/uploads\/2016\/01\/apev_shop.png","width":768,"height":768},{"@type":"BreadcrumbList","@id":"https:\/\/shop.adlice.com\/fr\/produit\/roguekillerpe-premium\/#breadcrumb","itemListElement":[{"@type":"ListItem","position":1,"name":"Home","item":"https:\/\/shop.adlice.com\/fr\/"},{"@type":"ListItem","position":2,"name":"Nos Produits","item":"https:\/\/shop.adlice.com\/fr\/"},{"@type":"ListItem","position":3,"name":"Adlice PEViewer Premium"}]},{"@type":"WebSite","@id":"https:\/\/shop.adlice.com\/#website","url":"https:\/\/shop.adlice.com\/","name":"Adlice Software","description":"Boutique de Licences","publisher":{"@id":"https:\/\/shop.adlice.com\/#organization"},"potentialAction":[{"@type":"SearchAction","target":{"@type":"EntryPoint","urlTemplate":"https:\/\/shop.adlice.com\/?s={search_term_string}"},"query-input":{"@type":"PropertyValueSpecification","valueRequired":true,"valueName":"search_term_string"}}],"inLanguage":"fr-FR"},{"@type":"Organization","@id":"https:\/\/shop.adlice.com\/#organization","name":"Adlice Software","url":"https:\/\/shop.adlice.com\/","logo":{"@type":"ImageObject","inLanguage":"fr-FR","@id":"https:\/\/shop.adlice.com\/#\/schema\/logo\/image\/","url":"https:\/\/shop.adlice.com\/wp-content\/uploads\/2015\/03\/adlice-logo.png","contentUrl":"https:\/\/shop.adlice.com\/wp-content\/uploads\/2015\/03\/adlice-logo.png","width":226,"height":91,"caption":"Adlice Software"},"image":{"@id":"https:\/\/shop.adlice.com\/#\/schema\/logo\/image\/"},"sameAs":["https:\/\/www.facebook.com\/RogueKiller","https:\/\/x.com\/AdliceSoftware","https:\/\/www.youtube.com\/channel\/UC4CQ-gIZMGWxl-auf0QqYhQ"]}]}},"jetpack_sharing_enabled":true,"_links":{"self":[{"href":"https:\/\/shop.adlice.com\/fr\/wp-json\/wp\/v2\/product\/2954","targetHints":{"allow":["GET"]}}],"collection":[{"href":"https:\/\/shop.adlice.com\/fr\/wp-json\/wp\/v2\/product"}],"about":[{"href":"https:\/\/shop.adlice.com\/fr\/wp-json\/wp\/v2\/types\/product"}],"replies":[{"embeddable":true,"href":"https:\/\/shop.adlice.com\/fr\/wp-json\/wp\/v2\/comments?post=2954"}],"wp:featuredmedia":[{"embeddable":true,"href":"https:\/\/shop.adlice.com\/fr\/wp-json\/wp\/v2\/media\/65786"}],"wp:attachment":[{"href":"https:\/\/shop.adlice.com\/fr\/wp-json\/wp\/v2\/media?parent=2954"}],"wp:term":[{"taxonomy":"product_brand","embeddable":true,"href":"https:\/\/shop.adlice.com\/fr\/wp-json\/wp\/v2\/product_brand?post=2954"},{"taxonomy":"product_cat","embeddable":true,"href":"https:\/\/shop.adlice.com\/fr\/wp-json\/wp\/v2\/product_cat?post=2954"},{"taxonomy":"product_tag","embeddable":true,"href":"https:\/\/shop.adlice.com\/fr\/wp-json\/wp\/v2\/product_tag?post=2954"}],"curies":[{"name":"wp","href":"https:\/\/api.w.org\/{rel}","templated":true}]}}