{"id":4766,"date":"2016-06-23T14:59:54","date_gmt":"2016-06-23T14:59:54","guid":{"rendered":"https:\/\/shop.adlice.com\/fr\/product\/mrf-premium\/"},"modified":"2020-06-05T14:49:06","modified_gmt":"2020-06-05T14:49:06","slug":"mrf-premium","status":"publish","type":"product","link":"https:\/\/shop.adlice.com\/fr\/produit\/mrf-premium\/","title":{"rendered":"MRF Premium"},"content":{"rendered":"<p><strong>MRF Premium<\/strong> est la version commerciale de notre projet.<br \/>\n<strong><a href=\"http:\/\/www.adlice.com\/fr\/download\/mrf\/\" target=\"_blank\" rel=\"noopener noreferrer\">La description du produit peut \u00eatre trouv\u00e9e ici<\/a><\/strong><\/p>\n<p>Les licences <strong>sont pour la p\u00e9riode s\u00e9lectionn\u00e9e<\/strong>. <span style=\"color: #800080;\"><strong>Qu&rsquo;est il inclu dans ma licence?<\/strong><\/span><\/p>\n<ul>\n<li><strong>Support:<\/strong> Email\/Chat seulement.<\/li>\n<li><strong>Mises \u00e0 jour:<\/strong> Si une mise \u00e0 jour est rendue disponible pendant la p\u00e9riode s\u00e9lectionn\u00e9e, obtenez-la gratuitement.<\/li>\n<li><strong>Correction de bugs rapide: <\/strong> Si vous trouvez un bug, nous le corrigeons en priorit\u00e9.<\/li>\n<li><strong>Demande de fonctionnalit\u00e9s: <\/strong> Si \u00e9ligibles, vos requ\u00eates sont trait\u00e9es en priorit\u00e9.<\/li>\n<\/ul>\n","protected":false},"excerpt":{"rendered":"<p>MRF Premium est la version commerciale de notre projet. La description du produit peut \u00eatre trouv\u00e9e ici Les licences sont pour la p\u00e9riode s\u00e9lectionn\u00e9e. Qu&rsquo;est il inclu dans ma licence? Support: Email\/Chat seulement. Mises \u00e0 jour: Si une mise \u00e0 jour est rendue disponible pendant la p\u00e9riode s\u00e9lectionn\u00e9e, obtenez-la gratuitement. Correction de bugs rapide: Si [&hellip;]<\/p>\n","protected":false},"featured_media":80180,"comment_status":"open","ping_status":"closed","template":"","meta":[],"product_brand":[],"product_cat":[43],"product_tag":[49,50,46,52],"class_list":{"0":"post-4766","1":"product","2":"type-product","3":"status-publish","4":"has-post-thumbnail","6":"product_cat-site-web","7":"product_tag-analyse","8":"product_tag-investigation","9":"product_tag-malware-fr","10":"product_tag-stockage","12":"first","13":"instock","14":"taxable","15":"shipping-taxable","16":"product-type-variable"},"bundled_by":[],"bundle_stock_status":"instock","bundle_stock_quantity":null,"bundle_virtual":false,"bundle_layout":"","bundle_add_to_cart_form_location":"","bundle_editable_in_cart":false,"bundle_sold_individually_context":"","bundle_item_grouping":"","bundle_min_size":"","bundle_max_size":"","bundle_price":[],"bundled_items":[],"bundle_sell_ids":[],"yoast_head":"<!-- This site is optimized with the Yoast SEO plugin v26.8 - https:\/\/yoast.com\/product\/yoast-seo-wordpress\/ -->\n<title>MRF Premium (Licence) - Adlice Software Shop<\/title>\n<meta name=\"description\" content=\"Obtenez votre licence MRF Premium et ayez acc\u00e8s \u00e0 la version commerciale de notre project de d\u00e9p\u00f4t malware. Obtenez le code source de MRF Premium et d\u00e9ployez le sur votre propre serveur. Obtenez un support et des mises \u00e0 jour gratuites pour la p\u00e9riode s\u00e9lectionn\u00e9e.\" \/>\n<meta name=\"robots\" content=\"index, follow, max-snippet:-1, max-image-preview:large, max-video-preview:-1\" \/>\n<link rel=\"canonical\" href=\"https:\/\/shop.adlice.com\/fr\/produit\/mrf-premium\/\" \/>\n<meta property=\"og:locale\" content=\"fr_FR\" \/>\n<meta property=\"og:type\" content=\"article\" \/>\n<meta property=\"og:title\" content=\"MRF Premium (Licence) - Adlice Software Shop\" \/>\n<meta property=\"og:description\" content=\"Obtenez votre licence MRF Premium et ayez acc\u00e8s \u00e0 la version commerciale de notre project de d\u00e9p\u00f4t malware. Obtenez le code source de MRF Premium et d\u00e9ployez le sur votre propre serveur. Obtenez un support et des mises \u00e0 jour gratuites pour la p\u00e9riode s\u00e9lectionn\u00e9e.\" \/>\n<meta property=\"og:url\" content=\"https:\/\/shop.adlice.com\/fr\/produit\/mrf-premium\/\" \/>\n<meta property=\"og:site_name\" content=\"Adlice Software\" \/>\n<meta property=\"article:publisher\" content=\"https:\/\/www.facebook.com\/RogueKiller\" \/>\n<meta property=\"article:modified_time\" content=\"2020-06-05T14:49:06+00:00\" \/>\n<meta property=\"og:image\" content=\"https:\/\/shop.adlice.com\/wp-content\/uploads\/2016\/06\/mrf_shop.png\" \/>\n\t<meta property=\"og:image:width\" content=\"768\" \/>\n\t<meta property=\"og:image:height\" content=\"768\" \/>\n\t<meta property=\"og:image:type\" content=\"image\/png\" \/>\n<script type=\"application\/ld+json\" class=\"yoast-schema-graph\">{\"@context\":\"https:\/\/schema.org\",\"@graph\":[{\"@type\":\"WebPage\",\"@id\":\"https:\/\/shop.adlice.com\/fr\/produit\/mrf-premium\/\",\"url\":\"https:\/\/shop.adlice.com\/fr\/produit\/mrf-premium\/\",\"name\":\"MRF Premium (Licence) - Adlice Software Shop\",\"isPartOf\":{\"@id\":\"https:\/\/shop.adlice.com\/#website\"},\"primaryImageOfPage\":{\"@id\":\"https:\/\/shop.adlice.com\/fr\/produit\/mrf-premium\/#primaryimage\"},\"image\":{\"@id\":\"https:\/\/shop.adlice.com\/fr\/produit\/mrf-premium\/#primaryimage\"},\"thumbnailUrl\":\"https:\/\/shop.adlice.com\/wp-content\/uploads\/2016\/06\/mrf_shop2.png\",\"datePublished\":\"2016-06-23T14:59:54+00:00\",\"dateModified\":\"2020-06-05T14:49:06+00:00\",\"description\":\"Obtenez votre licence MRF Premium et ayez acc\u00e8s \u00e0 la version commerciale de notre project de d\u00e9p\u00f4t malware. Obtenez le code source de MRF Premium et d\u00e9ployez le sur votre propre serveur. Obtenez un support et des mises \u00e0 jour gratuites pour la p\u00e9riode s\u00e9lectionn\u00e9e.\",\"breadcrumb\":{\"@id\":\"https:\/\/shop.adlice.com\/fr\/produit\/mrf-premium\/#breadcrumb\"},\"inLanguage\":\"fr-FR\",\"potentialAction\":[{\"@type\":\"ReadAction\",\"target\":[\"https:\/\/shop.adlice.com\/fr\/produit\/mrf-premium\/\"]}]},{\"@type\":\"ImageObject\",\"inLanguage\":\"fr-FR\",\"@id\":\"https:\/\/shop.adlice.com\/fr\/produit\/mrf-premium\/#primaryimage\",\"url\":\"https:\/\/shop.adlice.com\/wp-content\/uploads\/2016\/06\/mrf_shop2.png\",\"contentUrl\":\"https:\/\/shop.adlice.com\/wp-content\/uploads\/2016\/06\/mrf_shop2.png\",\"width\":1024,\"height\":1024},{\"@type\":\"BreadcrumbList\",\"@id\":\"https:\/\/shop.adlice.com\/fr\/produit\/mrf-premium\/#breadcrumb\",\"itemListElement\":[{\"@type\":\"ListItem\",\"position\":1,\"name\":\"Home\",\"item\":\"https:\/\/shop.adlice.com\/fr\/\"},{\"@type\":\"ListItem\",\"position\":2,\"name\":\"Nos Produits\",\"item\":\"https:\/\/shop.adlice.com\/fr\/\"},{\"@type\":\"ListItem\",\"position\":3,\"name\":\"MRF Premium\"}]},{\"@type\":\"WebSite\",\"@id\":\"https:\/\/shop.adlice.com\/#website\",\"url\":\"https:\/\/shop.adlice.com\/\",\"name\":\"Adlice Software\",\"description\":\"Boutique de Licences\",\"publisher\":{\"@id\":\"https:\/\/shop.adlice.com\/#organization\"},\"potentialAction\":[{\"@type\":\"SearchAction\",\"target\":{\"@type\":\"EntryPoint\",\"urlTemplate\":\"https:\/\/shop.adlice.com\/?s={search_term_string}\"},\"query-input\":{\"@type\":\"PropertyValueSpecification\",\"valueRequired\":true,\"valueName\":\"search_term_string\"}}],\"inLanguage\":\"fr-FR\"},{\"@type\":\"Organization\",\"@id\":\"https:\/\/shop.adlice.com\/#organization\",\"name\":\"Adlice Software\",\"url\":\"https:\/\/shop.adlice.com\/\",\"logo\":{\"@type\":\"ImageObject\",\"inLanguage\":\"fr-FR\",\"@id\":\"https:\/\/shop.adlice.com\/#\/schema\/logo\/image\/\",\"url\":\"https:\/\/shop.adlice.com\/wp-content\/uploads\/2015\/03\/adlice-logo.png\",\"contentUrl\":\"https:\/\/shop.adlice.com\/wp-content\/uploads\/2015\/03\/adlice-logo.png\",\"width\":226,\"height\":91,\"caption\":\"Adlice Software\"},\"image\":{\"@id\":\"https:\/\/shop.adlice.com\/#\/schema\/logo\/image\/\"},\"sameAs\":[\"https:\/\/www.facebook.com\/RogueKiller\",\"https:\/\/x.com\/AdliceSoftware\",\"https:\/\/www.youtube.com\/channel\/UC4CQ-gIZMGWxl-auf0QqYhQ\"]}]}<\/script>\n<!-- \/ Yoast SEO plugin. -->","yoast_head_json":{"title":"MRF Premium (Licence) - Adlice Software Shop","description":"Obtenez votre licence MRF Premium et ayez acc\u00e8s \u00e0 la version commerciale de notre project de d\u00e9p\u00f4t malware. Obtenez le code source de MRF Premium et d\u00e9ployez le sur votre propre serveur. Obtenez un support et des mises \u00e0 jour gratuites pour la p\u00e9riode s\u00e9lectionn\u00e9e.","robots":{"index":"index","follow":"follow","max-snippet":"max-snippet:-1","max-image-preview":"max-image-preview:large","max-video-preview":"max-video-preview:-1"},"canonical":"https:\/\/shop.adlice.com\/fr\/produit\/mrf-premium\/","og_locale":"fr_FR","og_type":"article","og_title":"MRF Premium (Licence) - Adlice Software Shop","og_description":"Obtenez votre licence MRF Premium et ayez acc\u00e8s \u00e0 la version commerciale de notre project de d\u00e9p\u00f4t malware. Obtenez le code source de MRF Premium et d\u00e9ployez le sur votre propre serveur. Obtenez un support et des mises \u00e0 jour gratuites pour la p\u00e9riode s\u00e9lectionn\u00e9e.","og_url":"https:\/\/shop.adlice.com\/fr\/produit\/mrf-premium\/","og_site_name":"Adlice Software","article_publisher":"https:\/\/www.facebook.com\/RogueKiller","article_modified_time":"2020-06-05T14:49:06+00:00","og_image":[{"width":768,"height":768,"url":"https:\/\/shop.adlice.com\/wp-content\/uploads\/2016\/06\/mrf_shop.png","type":"image\/png"}],"schema":{"@context":"https:\/\/schema.org","@graph":[{"@type":"WebPage","@id":"https:\/\/shop.adlice.com\/fr\/produit\/mrf-premium\/","url":"https:\/\/shop.adlice.com\/fr\/produit\/mrf-premium\/","name":"MRF Premium (Licence) - Adlice Software Shop","isPartOf":{"@id":"https:\/\/shop.adlice.com\/#website"},"primaryImageOfPage":{"@id":"https:\/\/shop.adlice.com\/fr\/produit\/mrf-premium\/#primaryimage"},"image":{"@id":"https:\/\/shop.adlice.com\/fr\/produit\/mrf-premium\/#primaryimage"},"thumbnailUrl":"https:\/\/shop.adlice.com\/wp-content\/uploads\/2016\/06\/mrf_shop2.png","datePublished":"2016-06-23T14:59:54+00:00","dateModified":"2020-06-05T14:49:06+00:00","description":"Obtenez votre licence MRF Premium et ayez acc\u00e8s \u00e0 la version commerciale de notre project de d\u00e9p\u00f4t malware. Obtenez le code source de MRF Premium et d\u00e9ployez le sur votre propre serveur. Obtenez un support et des mises \u00e0 jour gratuites pour la p\u00e9riode s\u00e9lectionn\u00e9e.","breadcrumb":{"@id":"https:\/\/shop.adlice.com\/fr\/produit\/mrf-premium\/#breadcrumb"},"inLanguage":"fr-FR","potentialAction":[{"@type":"ReadAction","target":["https:\/\/shop.adlice.com\/fr\/produit\/mrf-premium\/"]}]},{"@type":"ImageObject","inLanguage":"fr-FR","@id":"https:\/\/shop.adlice.com\/fr\/produit\/mrf-premium\/#primaryimage","url":"https:\/\/shop.adlice.com\/wp-content\/uploads\/2016\/06\/mrf_shop2.png","contentUrl":"https:\/\/shop.adlice.com\/wp-content\/uploads\/2016\/06\/mrf_shop2.png","width":1024,"height":1024},{"@type":"BreadcrumbList","@id":"https:\/\/shop.adlice.com\/fr\/produit\/mrf-premium\/#breadcrumb","itemListElement":[{"@type":"ListItem","position":1,"name":"Home","item":"https:\/\/shop.adlice.com\/fr\/"},{"@type":"ListItem","position":2,"name":"Nos Produits","item":"https:\/\/shop.adlice.com\/fr\/"},{"@type":"ListItem","position":3,"name":"MRF Premium"}]},{"@type":"WebSite","@id":"https:\/\/shop.adlice.com\/#website","url":"https:\/\/shop.adlice.com\/","name":"Adlice Software","description":"Boutique de Licences","publisher":{"@id":"https:\/\/shop.adlice.com\/#organization"},"potentialAction":[{"@type":"SearchAction","target":{"@type":"EntryPoint","urlTemplate":"https:\/\/shop.adlice.com\/?s={search_term_string}"},"query-input":{"@type":"PropertyValueSpecification","valueRequired":true,"valueName":"search_term_string"}}],"inLanguage":"fr-FR"},{"@type":"Organization","@id":"https:\/\/shop.adlice.com\/#organization","name":"Adlice Software","url":"https:\/\/shop.adlice.com\/","logo":{"@type":"ImageObject","inLanguage":"fr-FR","@id":"https:\/\/shop.adlice.com\/#\/schema\/logo\/image\/","url":"https:\/\/shop.adlice.com\/wp-content\/uploads\/2015\/03\/adlice-logo.png","contentUrl":"https:\/\/shop.adlice.com\/wp-content\/uploads\/2015\/03\/adlice-logo.png","width":226,"height":91,"caption":"Adlice Software"},"image":{"@id":"https:\/\/shop.adlice.com\/#\/schema\/logo\/image\/"},"sameAs":["https:\/\/www.facebook.com\/RogueKiller","https:\/\/x.com\/AdliceSoftware","https:\/\/www.youtube.com\/channel\/UC4CQ-gIZMGWxl-auf0QqYhQ"]}]}},"jetpack_sharing_enabled":true,"_links":{"self":[{"href":"https:\/\/shop.adlice.com\/fr\/wp-json\/wp\/v2\/product\/4766","targetHints":{"allow":["GET"]}}],"collection":[{"href":"https:\/\/shop.adlice.com\/fr\/wp-json\/wp\/v2\/product"}],"about":[{"href":"https:\/\/shop.adlice.com\/fr\/wp-json\/wp\/v2\/types\/product"}],"replies":[{"embeddable":true,"href":"https:\/\/shop.adlice.com\/fr\/wp-json\/wp\/v2\/comments?post=4766"}],"wp:featuredmedia":[{"embeddable":true,"href":"https:\/\/shop.adlice.com\/fr\/wp-json\/wp\/v2\/media\/80180"}],"wp:attachment":[{"href":"https:\/\/shop.adlice.com\/fr\/wp-json\/wp\/v2\/media?parent=4766"}],"wp:term":[{"taxonomy":"product_brand","embeddable":true,"href":"https:\/\/shop.adlice.com\/fr\/wp-json\/wp\/v2\/product_brand?post=4766"},{"taxonomy":"product_cat","embeddable":true,"href":"https:\/\/shop.adlice.com\/fr\/wp-json\/wp\/v2\/product_cat?post=4766"},{"taxonomy":"product_tag","embeddable":true,"href":"https:\/\/shop.adlice.com\/fr\/wp-json\/wp\/v2\/product_tag?post=4766"}],"curies":[{"name":"wp","href":"https:\/\/api.w.org\/{rel}","templated":true}]}}