{"id":64,"date":"2015-03-03T12:46:40","date_gmt":"2015-03-03T12:46:40","guid":{"rendered":"http:\/\/shop.adlice.com\/shop\/roguekiller-premium-particulier\/"},"modified":"2025-10-20T11:46:50","modified_gmt":"2025-10-20T11:46:50","slug":"roguekiller-premium-particulier","status":"publish","type":"product","link":"https:\/\/shop.adlice.com\/fr\/produit\/roguekiller-premium-particulier\/","title":{"rendered":"Adlice Protect Premium (Particulier)"},"content":{"rendered":"<p><strong>Achetez Adlice Protect (RogueKiller) Premium<\/strong> et nettoyez votre machine des malware et virus.<\/p>\n<p>Adlice Protect (RogueKiller) est un anti-malware capable de<strong> d\u00e9tecter et supprimer des malware g\u00e9n\u00e9riques<\/strong> et des menaces avanc\u00e9es comme les rootkits, rogues, vers.\u00a0Il <strong>peut \u00e9galement d\u00e9tecter les programmes controvers\u00e9s<\/strong>\u00a0(PUPs) ainsi que les\u00a0<strong>modifications\/corruptions du syst\u00e8me<\/strong>\u00a0(PUMs).<\/p>\n<p><strong><a href=\"https:\/\/www.adlice.com\/fr\/download\/roguekiller\/\" target=\"_blank\" rel=\"noopener noreferrer\">La description du produit peut \u00eatre trouv\u00e9e ici.<\/a><\/strong><\/p>\n","protected":false},"excerpt":{"rendered":"<p>Achetez Adlice Protect (RogueKiller) Premium et nettoyez votre machine des malware et virus. Adlice Protect (RogueKiller) est un anti-malware capable de d\u00e9tecter et supprimer des malware g\u00e9n\u00e9riques et des menaces avanc\u00e9es comme les rootkits, rogues, vers.\u00a0Il peut \u00e9galement d\u00e9tecter les programmes controvers\u00e9s\u00a0(PUPs) ainsi que les\u00a0modifications\/corruptions du syst\u00e8me\u00a0(PUMs). La description du produit peut \u00eatre trouv\u00e9e ici.<\/p>\n","protected":false},"featured_media":80158,"comment_status":"open","ping_status":"closed","template":"","meta":[],"product_brand":[],"product_cat":[42],"product_tag":[45,46,51,48],"class_list":{"0":"post-64","1":"product","2":"type-product","3":"status-publish","4":"has-post-thumbnail","6":"product_cat-anti-malware-fr","7":"product_tag-adware-fr","8":"product_tag-malware-fr","9":"product_tag-suppression","10":"product_tag-virus-fr","12":"first","13":"instock","14":"sale","15":"taxable","16":"shipping-taxable","17":"purchasable","18":"product-type-variable","19":"has-default-attributes"},"bundled_by":["12877"],"bundle_stock_status":"instock","bundle_stock_quantity":null,"bundle_virtual":false,"bundle_layout":"","bundle_add_to_cart_form_location":"","bundle_editable_in_cart":false,"bundle_sold_individually_context":"","bundle_item_grouping":"","bundle_min_size":"","bundle_max_size":"","bundle_price":[],"bundled_items":[],"bundle_sell_ids":[],"yoast_head":"<!-- This site is optimized with the Yoast SEO plugin v26.8 - https:\/\/yoast.com\/product\/yoast-seo-wordpress\/ -->\n<title>RogueKiller Premium (Particulier) - Adlice Software Shop<\/title>\n<meta name=\"description\" content=\"Obtenez votre licence RogueKiller Premium (Particulier) et lib\u00e9rez la puissance de notre Anti-malware (meilleures ventes). Obtenez votre cl\u00e9 d\u00e8s maintenant !\" \/>\n<meta name=\"robots\" content=\"index, follow, max-snippet:-1, max-image-preview:large, max-video-preview:-1\" \/>\n<link rel=\"canonical\" href=\"https:\/\/shop.adlice.com\/fr\/produit\/roguekiller-premium-particulier\/\" \/>\n<meta property=\"og:locale\" content=\"fr_FR\" \/>\n<meta property=\"og:type\" content=\"article\" \/>\n<meta property=\"og:title\" content=\"RogueKiller Premium (Particulier) - Adlice Software Shop\" \/>\n<meta property=\"og:description\" content=\"Obtenez votre licence RogueKiller Premium (Particulier) et lib\u00e9rez la puissance de notre Anti-malware (meilleures ventes). Obtenez votre cl\u00e9 d\u00e8s maintenant !\" \/>\n<meta property=\"og:url\" content=\"https:\/\/shop.adlice.com\/fr\/produit\/roguekiller-premium-particulier\/\" \/>\n<meta property=\"og:site_name\" content=\"Adlice Software\" \/>\n<meta property=\"article:publisher\" content=\"https:\/\/www.facebook.com\/RogueKiller\" \/>\n<meta property=\"article:modified_time\" content=\"2025-10-20T11:46:50+00:00\" \/>\n<meta property=\"og:image\" content=\"https:\/\/shop.adlice.com\/wp-content\/uploads\/2015\/03\/a8d036be-5fa7-47e3-86ed-2a17e96b3be2.png\" \/>\n\t<meta property=\"og:image:width\" content=\"1600\" \/>\n\t<meta property=\"og:image:height\" content=\"1600\" \/>\n\t<meta property=\"og:image:type\" content=\"image\/png\" \/>\n<script type=\"application\/ld+json\" class=\"yoast-schema-graph\">{\"@context\":\"https:\/\/schema.org\",\"@graph\":[{\"@type\":\"WebPage\",\"@id\":\"https:\/\/shop.adlice.com\/fr\/produit\/roguekiller-premium-particulier\/\",\"url\":\"https:\/\/shop.adlice.com\/fr\/produit\/roguekiller-premium-particulier\/\",\"name\":\"RogueKiller Premium (Particulier) - Adlice Software Shop\",\"isPartOf\":{\"@id\":\"https:\/\/shop.adlice.com\/#website\"},\"primaryImageOfPage\":{\"@id\":\"https:\/\/shop.adlice.com\/fr\/produit\/roguekiller-premium-particulier\/#primaryimage\"},\"image\":{\"@id\":\"https:\/\/shop.adlice.com\/fr\/produit\/roguekiller-premium-particulier\/#primaryimage\"},\"thumbnailUrl\":\"https:\/\/shop.adlice.com\/wp-content\/uploads\/2025\/11\/rk_perso_shop2.png\",\"datePublished\":\"2015-03-03T12:46:40+00:00\",\"dateModified\":\"2025-10-20T11:46:50+00:00\",\"description\":\"Obtenez votre licence RogueKiller Premium (Particulier) et lib\u00e9rez la puissance de notre Anti-malware (meilleures ventes). Obtenez votre cl\u00e9 d\u00e8s maintenant !\",\"breadcrumb\":{\"@id\":\"https:\/\/shop.adlice.com\/fr\/produit\/roguekiller-premium-particulier\/#breadcrumb\"},\"inLanguage\":\"fr-FR\",\"potentialAction\":[{\"@type\":\"ReadAction\",\"target\":[\"https:\/\/shop.adlice.com\/fr\/produit\/roguekiller-premium-particulier\/\"]}]},{\"@type\":\"ImageObject\",\"inLanguage\":\"fr-FR\",\"@id\":\"https:\/\/shop.adlice.com\/fr\/produit\/roguekiller-premium-particulier\/#primaryimage\",\"url\":\"https:\/\/shop.adlice.com\/wp-content\/uploads\/2025\/11\/rk_perso_shop2.png\",\"contentUrl\":\"https:\/\/shop.adlice.com\/wp-content\/uploads\/2025\/11\/rk_perso_shop2.png\",\"width\":1024,\"height\":1024},{\"@type\":\"BreadcrumbList\",\"@id\":\"https:\/\/shop.adlice.com\/fr\/produit\/roguekiller-premium-particulier\/#breadcrumb\",\"itemListElement\":[{\"@type\":\"ListItem\",\"position\":1,\"name\":\"Home\",\"item\":\"https:\/\/shop.adlice.com\/fr\/\"},{\"@type\":\"ListItem\",\"position\":2,\"name\":\"Nos Produits\",\"item\":\"https:\/\/shop.adlice.com\/fr\/\"},{\"@type\":\"ListItem\",\"position\":3,\"name\":\"Adlice Protect Premium (Particulier)\"}]},{\"@type\":\"WebSite\",\"@id\":\"https:\/\/shop.adlice.com\/#website\",\"url\":\"https:\/\/shop.adlice.com\/\",\"name\":\"Adlice Software\",\"description\":\"Boutique de Licences\",\"publisher\":{\"@id\":\"https:\/\/shop.adlice.com\/#organization\"},\"potentialAction\":[{\"@type\":\"SearchAction\",\"target\":{\"@type\":\"EntryPoint\",\"urlTemplate\":\"https:\/\/shop.adlice.com\/?s={search_term_string}\"},\"query-input\":{\"@type\":\"PropertyValueSpecification\",\"valueRequired\":true,\"valueName\":\"search_term_string\"}}],\"inLanguage\":\"fr-FR\"},{\"@type\":\"Organization\",\"@id\":\"https:\/\/shop.adlice.com\/#organization\",\"name\":\"Adlice Software\",\"url\":\"https:\/\/shop.adlice.com\/\",\"logo\":{\"@type\":\"ImageObject\",\"inLanguage\":\"fr-FR\",\"@id\":\"https:\/\/shop.adlice.com\/#\/schema\/logo\/image\/\",\"url\":\"https:\/\/shop.adlice.com\/wp-content\/uploads\/2015\/03\/adlice-logo.png\",\"contentUrl\":\"https:\/\/shop.adlice.com\/wp-content\/uploads\/2015\/03\/adlice-logo.png\",\"width\":226,\"height\":91,\"caption\":\"Adlice Software\"},\"image\":{\"@id\":\"https:\/\/shop.adlice.com\/#\/schema\/logo\/image\/\"},\"sameAs\":[\"https:\/\/www.facebook.com\/RogueKiller\",\"https:\/\/x.com\/AdliceSoftware\",\"https:\/\/www.youtube.com\/channel\/UC4CQ-gIZMGWxl-auf0QqYhQ\"]}]}<\/script>\n<!-- \/ Yoast SEO plugin. -->","yoast_head_json":{"title":"RogueKiller Premium (Particulier) - Adlice Software Shop","description":"Obtenez votre licence RogueKiller Premium (Particulier) et lib\u00e9rez la puissance de notre Anti-malware (meilleures ventes). Obtenez votre cl\u00e9 d\u00e8s maintenant !","robots":{"index":"index","follow":"follow","max-snippet":"max-snippet:-1","max-image-preview":"max-image-preview:large","max-video-preview":"max-video-preview:-1"},"canonical":"https:\/\/shop.adlice.com\/fr\/produit\/roguekiller-premium-particulier\/","og_locale":"fr_FR","og_type":"article","og_title":"RogueKiller Premium (Particulier) - Adlice Software Shop","og_description":"Obtenez votre licence RogueKiller Premium (Particulier) et lib\u00e9rez la puissance de notre Anti-malware (meilleures ventes). Obtenez votre cl\u00e9 d\u00e8s maintenant !","og_url":"https:\/\/shop.adlice.com\/fr\/produit\/roguekiller-premium-particulier\/","og_site_name":"Adlice Software","article_publisher":"https:\/\/www.facebook.com\/RogueKiller","article_modified_time":"2025-10-20T11:46:50+00:00","og_image":[{"width":1600,"height":1600,"url":"https:\/\/shop.adlice.com\/wp-content\/uploads\/2015\/03\/a8d036be-5fa7-47e3-86ed-2a17e96b3be2.png","type":"image\/png"}],"schema":{"@context":"https:\/\/schema.org","@graph":[{"@type":"WebPage","@id":"https:\/\/shop.adlice.com\/fr\/produit\/roguekiller-premium-particulier\/","url":"https:\/\/shop.adlice.com\/fr\/produit\/roguekiller-premium-particulier\/","name":"RogueKiller Premium (Particulier) - Adlice Software Shop","isPartOf":{"@id":"https:\/\/shop.adlice.com\/#website"},"primaryImageOfPage":{"@id":"https:\/\/shop.adlice.com\/fr\/produit\/roguekiller-premium-particulier\/#primaryimage"},"image":{"@id":"https:\/\/shop.adlice.com\/fr\/produit\/roguekiller-premium-particulier\/#primaryimage"},"thumbnailUrl":"https:\/\/shop.adlice.com\/wp-content\/uploads\/2025\/11\/rk_perso_shop2.png","datePublished":"2015-03-03T12:46:40+00:00","dateModified":"2025-10-20T11:46:50+00:00","description":"Obtenez votre licence RogueKiller Premium (Particulier) et lib\u00e9rez la puissance de notre Anti-malware (meilleures ventes). Obtenez votre cl\u00e9 d\u00e8s maintenant !","breadcrumb":{"@id":"https:\/\/shop.adlice.com\/fr\/produit\/roguekiller-premium-particulier\/#breadcrumb"},"inLanguage":"fr-FR","potentialAction":[{"@type":"ReadAction","target":["https:\/\/shop.adlice.com\/fr\/produit\/roguekiller-premium-particulier\/"]}]},{"@type":"ImageObject","inLanguage":"fr-FR","@id":"https:\/\/shop.adlice.com\/fr\/produit\/roguekiller-premium-particulier\/#primaryimage","url":"https:\/\/shop.adlice.com\/wp-content\/uploads\/2025\/11\/rk_perso_shop2.png","contentUrl":"https:\/\/shop.adlice.com\/wp-content\/uploads\/2025\/11\/rk_perso_shop2.png","width":1024,"height":1024},{"@type":"BreadcrumbList","@id":"https:\/\/shop.adlice.com\/fr\/produit\/roguekiller-premium-particulier\/#breadcrumb","itemListElement":[{"@type":"ListItem","position":1,"name":"Home","item":"https:\/\/shop.adlice.com\/fr\/"},{"@type":"ListItem","position":2,"name":"Nos Produits","item":"https:\/\/shop.adlice.com\/fr\/"},{"@type":"ListItem","position":3,"name":"Adlice Protect Premium (Particulier)"}]},{"@type":"WebSite","@id":"https:\/\/shop.adlice.com\/#website","url":"https:\/\/shop.adlice.com\/","name":"Adlice Software","description":"Boutique de Licences","publisher":{"@id":"https:\/\/shop.adlice.com\/#organization"},"potentialAction":[{"@type":"SearchAction","target":{"@type":"EntryPoint","urlTemplate":"https:\/\/shop.adlice.com\/?s={search_term_string}"},"query-input":{"@type":"PropertyValueSpecification","valueRequired":true,"valueName":"search_term_string"}}],"inLanguage":"fr-FR"},{"@type":"Organization","@id":"https:\/\/shop.adlice.com\/#organization","name":"Adlice Software","url":"https:\/\/shop.adlice.com\/","logo":{"@type":"ImageObject","inLanguage":"fr-FR","@id":"https:\/\/shop.adlice.com\/#\/schema\/logo\/image\/","url":"https:\/\/shop.adlice.com\/wp-content\/uploads\/2015\/03\/adlice-logo.png","contentUrl":"https:\/\/shop.adlice.com\/wp-content\/uploads\/2015\/03\/adlice-logo.png","width":226,"height":91,"caption":"Adlice Software"},"image":{"@id":"https:\/\/shop.adlice.com\/#\/schema\/logo\/image\/"},"sameAs":["https:\/\/www.facebook.com\/RogueKiller","https:\/\/x.com\/AdliceSoftware","https:\/\/www.youtube.com\/channel\/UC4CQ-gIZMGWxl-auf0QqYhQ"]}]}},"jetpack_sharing_enabled":true,"_links":{"self":[{"href":"https:\/\/shop.adlice.com\/fr\/wp-json\/wp\/v2\/product\/64","targetHints":{"allow":["GET"]}}],"collection":[{"href":"https:\/\/shop.adlice.com\/fr\/wp-json\/wp\/v2\/product"}],"about":[{"href":"https:\/\/shop.adlice.com\/fr\/wp-json\/wp\/v2\/types\/product"}],"replies":[{"embeddable":true,"href":"https:\/\/shop.adlice.com\/fr\/wp-json\/wp\/v2\/comments?post=64"}],"wp:featuredmedia":[{"embeddable":true,"href":"https:\/\/shop.adlice.com\/fr\/wp-json\/wp\/v2\/media\/80158"}],"wp:attachment":[{"href":"https:\/\/shop.adlice.com\/fr\/wp-json\/wp\/v2\/media?parent=64"}],"wp:term":[{"taxonomy":"product_brand","embeddable":true,"href":"https:\/\/shop.adlice.com\/fr\/wp-json\/wp\/v2\/product_brand?post=64"},{"taxonomy":"product_cat","embeddable":true,"href":"https:\/\/shop.adlice.com\/fr\/wp-json\/wp\/v2\/product_cat?post=64"},{"taxonomy":"product_tag","embeddable":true,"href":"https:\/\/shop.adlice.com\/fr\/wp-json\/wp\/v2\/product_tag?post=64"}],"curies":[{"name":"wp","href":"https:\/\/api.w.org\/{rel}","templated":true}]}}