{"id":6871,"date":"2016-12-13T13:10:31","date_gmt":"2016-12-13T13:10:31","guid":{"rendered":"https:\/\/shop.adlice.com\/product\/yaraeditor-premium-2\/"},"modified":"2020-06-05T14:50:12","modified_gmt":"2020-06-05T14:50:12","slug":"yaraeditor-premium","status":"publish","type":"product","link":"https:\/\/shop.adlice.com\/fr\/produit\/yaraeditor-premium\/","title":{"rendered":"YaraEditor Premium"},"content":{"rendered":"<p><strong>Achetez YaraEditor Premium<\/strong>, cr\u00e9ez et tester enti\u00e8rement vos r\u00e8gles Yara.<\/p>\n<p>YaraEditor est un logiciel pour chercheurs anti-malware, aidant \u00e0 la cr\u00e9ation de r\u00e8gles Yara dans un \u00e9diteur de code d\u00e9di\u00e9 ainsi qu&rsquo;\u00e0 les tester avant de les envoyer en production.<\/p>\n<p><strong><a href=\"http:\/\/www.adlice.com\/fr\/download\/yaraeditor\/\" target=\"_blank\" rel=\"noopener noreferrer\">La description du produit peut \u00eatre trouv\u00e9e ici.<\/a><\/strong><\/p>\n","protected":false},"excerpt":{"rendered":"<p>Achetez YaraEditor Premium, cr\u00e9ez et tester enti\u00e8rement vos r\u00e8gles Yara. YaraEditor est un logiciel pour chercheurs anti-malware, aidant \u00e0 la cr\u00e9ation de r\u00e8gles Yara dans un \u00e9diteur de code d\u00e9di\u00e9 ainsi qu&rsquo;\u00e0 les tester avant de les envoyer en production. La description du produit peut \u00eatre trouv\u00e9e ici.<\/p>\n","protected":false},"featured_media":80176,"comment_status":"open","ping_status":"closed","template":"","meta":[],"product_brand":[],"product_cat":[41],"product_tag":[63,64,65,66],"class_list":{"0":"post-6871","1":"product","2":"type-product","3":"status-publish","4":"has-post-thumbnail","6":"product_cat-analyse","7":"product_tag-base-de-donnees","8":"product_tag-editeur","9":"product_tag-signature-fr","10":"product_tag-yara-fr","12":"first","13":"instock","14":"sale","15":"taxable","16":"shipping-taxable","17":"purchasable","18":"product-type-variable","19":"has-default-attributes"},"bundled_by":[],"bundle_stock_status":"instock","bundle_stock_quantity":null,"bundle_virtual":false,"bundle_layout":"","bundle_add_to_cart_form_location":"","bundle_editable_in_cart":false,"bundle_sold_individually_context":"","bundle_item_grouping":"","bundle_min_size":"","bundle_max_size":"","bundle_price":[],"bundled_items":[],"bundle_sell_ids":[],"yoast_head":"<!-- This site is optimized with the Yoast SEO plugin v26.8 - https:\/\/yoast.com\/product\/yoast-seo-wordpress\/ -->\n<title>YaraEditor Premium - Adlice Software Shop<\/title>\n<meta name=\"description\" content=\"Obtenez votre licence YaraEditor Premium (Particulier) et lib\u00e9rez la puissance de notre logiciel couteau suisse pour Yara. Commencez \u00e0 \u00e9crire\/tester vos r\u00e8gles Yara de fa\u00e7on ais\u00e9e. Obtenez votre cl\u00e9 d\u00e8s maintenant !\" \/>\n<meta name=\"robots\" content=\"index, follow, max-snippet:-1, max-image-preview:large, max-video-preview:-1\" \/>\n<link rel=\"canonical\" href=\"https:\/\/shop.adlice.com\/fr\/produit\/yaraeditor-premium\/\" \/>\n<meta property=\"og:locale\" content=\"fr_FR\" \/>\n<meta property=\"og:type\" content=\"article\" \/>\n<meta property=\"og:title\" content=\"YaraEditor Premium - Adlice Software Shop\" \/>\n<meta property=\"og:description\" content=\"Obtenez votre licence YaraEditor Premium (Particulier) et lib\u00e9rez la puissance de notre logiciel couteau suisse pour Yara. Commencez \u00e0 \u00e9crire\/tester vos r\u00e8gles Yara de fa\u00e7on ais\u00e9e. Obtenez votre cl\u00e9 d\u00e8s maintenant !\" \/>\n<meta property=\"og:url\" content=\"https:\/\/shop.adlice.com\/fr\/produit\/yaraeditor-premium\/\" \/>\n<meta property=\"og:site_name\" content=\"Adlice Software\" \/>\n<meta property=\"article:publisher\" content=\"https:\/\/www.facebook.com\/RogueKiller\" \/>\n<meta property=\"article:modified_time\" content=\"2020-06-05T14:50:12+00:00\" \/>\n<meta property=\"og:image\" content=\"https:\/\/shop.adlice.com\/wp-content\/uploads\/2016\/12\/yed_shop.png\" \/>\n\t<meta property=\"og:image:width\" content=\"768\" \/>\n\t<meta property=\"og:image:height\" content=\"768\" \/>\n\t<meta property=\"og:image:type\" content=\"image\/png\" \/>\n<script type=\"application\/ld+json\" class=\"yoast-schema-graph\">{\"@context\":\"https:\/\/schema.org\",\"@graph\":[{\"@type\":\"WebPage\",\"@id\":\"https:\/\/shop.adlice.com\/fr\/produit\/yaraeditor-premium\/\",\"url\":\"https:\/\/shop.adlice.com\/fr\/produit\/yaraeditor-premium\/\",\"name\":\"YaraEditor Premium - Adlice Software Shop\",\"isPartOf\":{\"@id\":\"https:\/\/shop.adlice.com\/#website\"},\"primaryImageOfPage\":{\"@id\":\"https:\/\/shop.adlice.com\/fr\/produit\/yaraeditor-premium\/#primaryimage\"},\"image\":{\"@id\":\"https:\/\/shop.adlice.com\/fr\/produit\/yaraeditor-premium\/#primaryimage\"},\"thumbnailUrl\":\"https:\/\/shop.adlice.com\/wp-content\/uploads\/2016\/12\/yed_shop2.png\",\"datePublished\":\"2016-12-13T13:10:31+00:00\",\"dateModified\":\"2020-06-05T14:50:12+00:00\",\"description\":\"Obtenez votre licence YaraEditor Premium (Particulier) et lib\u00e9rez la puissance de notre logiciel couteau suisse pour Yara. Commencez \u00e0 \u00e9crire\/tester vos r\u00e8gles Yara de fa\u00e7on ais\u00e9e. Obtenez votre cl\u00e9 d\u00e8s maintenant !\",\"breadcrumb\":{\"@id\":\"https:\/\/shop.adlice.com\/fr\/produit\/yaraeditor-premium\/#breadcrumb\"},\"inLanguage\":\"fr-FR\",\"potentialAction\":[{\"@type\":\"ReadAction\",\"target\":[\"https:\/\/shop.adlice.com\/fr\/produit\/yaraeditor-premium\/\"]}]},{\"@type\":\"ImageObject\",\"inLanguage\":\"fr-FR\",\"@id\":\"https:\/\/shop.adlice.com\/fr\/produit\/yaraeditor-premium\/#primaryimage\",\"url\":\"https:\/\/shop.adlice.com\/wp-content\/uploads\/2016\/12\/yed_shop2.png\",\"contentUrl\":\"https:\/\/shop.adlice.com\/wp-content\/uploads\/2016\/12\/yed_shop2.png\",\"width\":1024,\"height\":1024},{\"@type\":\"BreadcrumbList\",\"@id\":\"https:\/\/shop.adlice.com\/fr\/produit\/yaraeditor-premium\/#breadcrumb\",\"itemListElement\":[{\"@type\":\"ListItem\",\"position\":1,\"name\":\"Home\",\"item\":\"https:\/\/shop.adlice.com\/fr\/\"},{\"@type\":\"ListItem\",\"position\":2,\"name\":\"Nos Produits\",\"item\":\"https:\/\/shop.adlice.com\/fr\/\"},{\"@type\":\"ListItem\",\"position\":3,\"name\":\"YaraEditor Premium\"}]},{\"@type\":\"WebSite\",\"@id\":\"https:\/\/shop.adlice.com\/#website\",\"url\":\"https:\/\/shop.adlice.com\/\",\"name\":\"Adlice Software\",\"description\":\"Boutique de Licences\",\"publisher\":{\"@id\":\"https:\/\/shop.adlice.com\/#organization\"},\"potentialAction\":[{\"@type\":\"SearchAction\",\"target\":{\"@type\":\"EntryPoint\",\"urlTemplate\":\"https:\/\/shop.adlice.com\/?s={search_term_string}\"},\"query-input\":{\"@type\":\"PropertyValueSpecification\",\"valueRequired\":true,\"valueName\":\"search_term_string\"}}],\"inLanguage\":\"fr-FR\"},{\"@type\":\"Organization\",\"@id\":\"https:\/\/shop.adlice.com\/#organization\",\"name\":\"Adlice Software\",\"url\":\"https:\/\/shop.adlice.com\/\",\"logo\":{\"@type\":\"ImageObject\",\"inLanguage\":\"fr-FR\",\"@id\":\"https:\/\/shop.adlice.com\/#\/schema\/logo\/image\/\",\"url\":\"https:\/\/shop.adlice.com\/wp-content\/uploads\/2015\/03\/adlice-logo.png\",\"contentUrl\":\"https:\/\/shop.adlice.com\/wp-content\/uploads\/2015\/03\/adlice-logo.png\",\"width\":226,\"height\":91,\"caption\":\"Adlice Software\"},\"image\":{\"@id\":\"https:\/\/shop.adlice.com\/#\/schema\/logo\/image\/\"},\"sameAs\":[\"https:\/\/www.facebook.com\/RogueKiller\",\"https:\/\/x.com\/AdliceSoftware\",\"https:\/\/www.youtube.com\/channel\/UC4CQ-gIZMGWxl-auf0QqYhQ\"]}]}<\/script>\n<!-- \/ Yoast SEO plugin. -->","yoast_head_json":{"title":"YaraEditor Premium - Adlice Software Shop","description":"Obtenez votre licence YaraEditor Premium (Particulier) et lib\u00e9rez la puissance de notre logiciel couteau suisse pour Yara. Commencez \u00e0 \u00e9crire\/tester vos r\u00e8gles Yara de fa\u00e7on ais\u00e9e. Obtenez votre cl\u00e9 d\u00e8s maintenant !","robots":{"index":"index","follow":"follow","max-snippet":"max-snippet:-1","max-image-preview":"max-image-preview:large","max-video-preview":"max-video-preview:-1"},"canonical":"https:\/\/shop.adlice.com\/fr\/produit\/yaraeditor-premium\/","og_locale":"fr_FR","og_type":"article","og_title":"YaraEditor Premium - Adlice Software Shop","og_description":"Obtenez votre licence YaraEditor Premium (Particulier) et lib\u00e9rez la puissance de notre logiciel couteau suisse pour Yara. Commencez \u00e0 \u00e9crire\/tester vos r\u00e8gles Yara de fa\u00e7on ais\u00e9e. Obtenez votre cl\u00e9 d\u00e8s maintenant !","og_url":"https:\/\/shop.adlice.com\/fr\/produit\/yaraeditor-premium\/","og_site_name":"Adlice Software","article_publisher":"https:\/\/www.facebook.com\/RogueKiller","article_modified_time":"2020-06-05T14:50:12+00:00","og_image":[{"width":768,"height":768,"url":"https:\/\/shop.adlice.com\/wp-content\/uploads\/2016\/12\/yed_shop.png","type":"image\/png"}],"schema":{"@context":"https:\/\/schema.org","@graph":[{"@type":"WebPage","@id":"https:\/\/shop.adlice.com\/fr\/produit\/yaraeditor-premium\/","url":"https:\/\/shop.adlice.com\/fr\/produit\/yaraeditor-premium\/","name":"YaraEditor Premium - Adlice Software Shop","isPartOf":{"@id":"https:\/\/shop.adlice.com\/#website"},"primaryImageOfPage":{"@id":"https:\/\/shop.adlice.com\/fr\/produit\/yaraeditor-premium\/#primaryimage"},"image":{"@id":"https:\/\/shop.adlice.com\/fr\/produit\/yaraeditor-premium\/#primaryimage"},"thumbnailUrl":"https:\/\/shop.adlice.com\/wp-content\/uploads\/2016\/12\/yed_shop2.png","datePublished":"2016-12-13T13:10:31+00:00","dateModified":"2020-06-05T14:50:12+00:00","description":"Obtenez votre licence YaraEditor Premium (Particulier) et lib\u00e9rez la puissance de notre logiciel couteau suisse pour Yara. Commencez \u00e0 \u00e9crire\/tester vos r\u00e8gles Yara de fa\u00e7on ais\u00e9e. Obtenez votre cl\u00e9 d\u00e8s maintenant !","breadcrumb":{"@id":"https:\/\/shop.adlice.com\/fr\/produit\/yaraeditor-premium\/#breadcrumb"},"inLanguage":"fr-FR","potentialAction":[{"@type":"ReadAction","target":["https:\/\/shop.adlice.com\/fr\/produit\/yaraeditor-premium\/"]}]},{"@type":"ImageObject","inLanguage":"fr-FR","@id":"https:\/\/shop.adlice.com\/fr\/produit\/yaraeditor-premium\/#primaryimage","url":"https:\/\/shop.adlice.com\/wp-content\/uploads\/2016\/12\/yed_shop2.png","contentUrl":"https:\/\/shop.adlice.com\/wp-content\/uploads\/2016\/12\/yed_shop2.png","width":1024,"height":1024},{"@type":"BreadcrumbList","@id":"https:\/\/shop.adlice.com\/fr\/produit\/yaraeditor-premium\/#breadcrumb","itemListElement":[{"@type":"ListItem","position":1,"name":"Home","item":"https:\/\/shop.adlice.com\/fr\/"},{"@type":"ListItem","position":2,"name":"Nos Produits","item":"https:\/\/shop.adlice.com\/fr\/"},{"@type":"ListItem","position":3,"name":"YaraEditor Premium"}]},{"@type":"WebSite","@id":"https:\/\/shop.adlice.com\/#website","url":"https:\/\/shop.adlice.com\/","name":"Adlice Software","description":"Boutique de Licences","publisher":{"@id":"https:\/\/shop.adlice.com\/#organization"},"potentialAction":[{"@type":"SearchAction","target":{"@type":"EntryPoint","urlTemplate":"https:\/\/shop.adlice.com\/?s={search_term_string}"},"query-input":{"@type":"PropertyValueSpecification","valueRequired":true,"valueName":"search_term_string"}}],"inLanguage":"fr-FR"},{"@type":"Organization","@id":"https:\/\/shop.adlice.com\/#organization","name":"Adlice Software","url":"https:\/\/shop.adlice.com\/","logo":{"@type":"ImageObject","inLanguage":"fr-FR","@id":"https:\/\/shop.adlice.com\/#\/schema\/logo\/image\/","url":"https:\/\/shop.adlice.com\/wp-content\/uploads\/2015\/03\/adlice-logo.png","contentUrl":"https:\/\/shop.adlice.com\/wp-content\/uploads\/2015\/03\/adlice-logo.png","width":226,"height":91,"caption":"Adlice Software"},"image":{"@id":"https:\/\/shop.adlice.com\/#\/schema\/logo\/image\/"},"sameAs":["https:\/\/www.facebook.com\/RogueKiller","https:\/\/x.com\/AdliceSoftware","https:\/\/www.youtube.com\/channel\/UC4CQ-gIZMGWxl-auf0QqYhQ"]}]}},"jetpack_sharing_enabled":true,"_links":{"self":[{"href":"https:\/\/shop.adlice.com\/fr\/wp-json\/wp\/v2\/product\/6871","targetHints":{"allow":["GET"]}}],"collection":[{"href":"https:\/\/shop.adlice.com\/fr\/wp-json\/wp\/v2\/product"}],"about":[{"href":"https:\/\/shop.adlice.com\/fr\/wp-json\/wp\/v2\/types\/product"}],"replies":[{"embeddable":true,"href":"https:\/\/shop.adlice.com\/fr\/wp-json\/wp\/v2\/comments?post=6871"}],"wp:featuredmedia":[{"embeddable":true,"href":"https:\/\/shop.adlice.com\/fr\/wp-json\/wp\/v2\/media\/80176"}],"wp:attachment":[{"href":"https:\/\/shop.adlice.com\/fr\/wp-json\/wp\/v2\/media?parent=6871"}],"wp:term":[{"taxonomy":"product_brand","embeddable":true,"href":"https:\/\/shop.adlice.com\/fr\/wp-json\/wp\/v2\/product_brand?post=6871"},{"taxonomy":"product_cat","embeddable":true,"href":"https:\/\/shop.adlice.com\/fr\/wp-json\/wp\/v2\/product_cat?post=6871"},{"taxonomy":"product_tag","embeddable":true,"href":"https:\/\/shop.adlice.com\/fr\/wp-json\/wp\/v2\/product_tag?post=6871"}],"curies":[{"name":"wp","href":"https:\/\/api.w.org\/{rel}","templated":true}]}}